{"id":320,"date":"2021-05-04T13:37:56","date_gmt":"2021-05-04T12:37:56","guid":{"rendered":"http:\/\/62.210.9.93\/2py\/?page_id=320"},"modified":"2023-04-21T19:58:30","modified_gmt":"2023-04-21T18:58:30","slug":"__trashed","status":"publish","type":"page","link":"https:\/\/www.2py.fr\/2py\/?page_id=320","title":{"rendered":"Qui Sommes nous ?"},"content":{"rendered":"\t\t<div data-elementor-type=\"wp-page\" data-elementor-id=\"320\" class=\"elementor elementor-320\">\n\t\t\t\t\t\t\t\t\t<section class=\"elementor-section elementor-top-section elementor-element elementor-element-47a40383 elementor-section-boxed elementor-section-height-default elementor-section-height-default\" data-id=\"47a40383\" data-element_type=\"section\">\n\t\t\t\t\t\t<div class=\"elementor-container elementor-column-gap-default\">\n\t\t\t\t\t<div class=\"elementor-column elementor-col-100 elementor-top-column elementor-element elementor-element-1fcf4711\" data-id=\"1fcf4711\" data-element_type=\"column\">\n\t\t\t<div class=\"elementor-widget-wrap elementor-element-populated\">\n\t\t\t\t\t\t\t\t<div class=\"elementor-element elementor-element-61d4417 elementor-widget elementor-widget-heading\" data-id=\"61d4417\" data-element_type=\"widget\" data-widget_type=\"heading.default\">\n\t\t\t\t<div class=\"elementor-widget-container\">\n\t\t\t<style>\/*! elementor - v3.13.2 - 11-05-2023 *\/\n.elementor-heading-title{padding:0;margin:0;line-height:1}.elementor-widget-heading .elementor-heading-title[class*=elementor-size-]>a{color:inherit;font-size:inherit;line-height:inherit}.elementor-widget-heading .elementor-heading-title.elementor-size-small{font-size:15px}.elementor-widget-heading .elementor-heading-title.elementor-size-medium{font-size:19px}.elementor-widget-heading .elementor-heading-title.elementor-size-large{font-size:29px}.elementor-widget-heading .elementor-heading-title.elementor-size-xl{font-size:39px}.elementor-widget-heading .elementor-heading-title.elementor-size-xxl{font-size:59px}<\/style><h2 class=\"elementor-heading-title elementor-size-default\">Qui sommes-nous ?<\/h2>\t\t<\/div>\n\t\t\t\t<\/div>\n\t\t\t\t<div class=\"elementor-element elementor-element-622ddf elementor-widget elementor-widget-text-editor\" data-id=\"622ddf\" data-element_type=\"widget\" data-widget_type=\"text-editor.default\">\n\t\t\t\t<div class=\"elementor-widget-container\">\n\t\t\t<style>\/*! elementor - v3.13.2 - 11-05-2023 *\/\n.elementor-widget-text-editor.elementor-drop-cap-view-stacked .elementor-drop-cap{background-color:#69727d;color:#fff}.elementor-widget-text-editor.elementor-drop-cap-view-framed .elementor-drop-cap{color:#69727d;border:3px solid;background-color:transparent}.elementor-widget-text-editor:not(.elementor-drop-cap-view-default) .elementor-drop-cap{margin-top:8px}.elementor-widget-text-editor:not(.elementor-drop-cap-view-default) .elementor-drop-cap-letter{width:1em;height:1em}.elementor-widget-text-editor .elementor-drop-cap{float:left;text-align:center;line-height:1;font-size:50px}.elementor-widget-text-editor .elementor-drop-cap-letter{display:inline-block}<\/style>\t\t\t\t<p><!-- wp:paragraph --><\/p>\n<p>2PY a \u00e9t\u00e9 cr\u00e9\u00e9e en 2004 par des professionnels combinant leurs comp\u00e9tences dans le conseil, l\u2019assistance et l\u2019ing\u00e9nierie du syst\u00e8me d\u2019information et la formation professionnelle.<\/p><p><br><\/p>\n<p><!-- \/wp:paragraph --><\/p>\n<p><!-- wp:paragraph --><\/p>\n<p>Notre soci\u00e9t\u00e9 est aujourd\u2019hui encore rest\u00e9e une soci\u00e9t\u00e9 ind\u00e9pendante dont le capital est d\u00e9tenu par ses trois fondateurs (2PY = P+P+Y = Patrick + Philippe + Yves).<\/p><p><br><\/p>\n<p><!-- \/wp:paragraph --><\/p>\n<p><!-- wp:paragraph --><\/p>\n<p>2py est une entreprise de technologies sp\u00e9cialis\u00e9e dans le d\u00e9veloppement de logiciels de pointe pour les entreprises. Avec pr\u00e8s de 20 ans d&rsquo;exp\u00e9rience dans le service aux entreprises, nous sommes fiers d&rsquo;avoir aid\u00e9 des dizaines d&rsquo;entreprises de toutes tailles \u00e0 am\u00e9liorer leur organisation et en particulier dans la gestion documentaire (d\u00e9mat\u00e9rialisation, archivage l\u00e9gal, processus automatis\u00e9s workflow, gestion administrative et financi\u00e8re, etc.). Traitement de donn\u00e9es en offshore (Madagascar), d\u00e9veloppement de sites web.<\/p><p><br><\/p>\n<p><!-- \/wp:paragraph --><\/p>\n<p><!-- wp:paragraph --><\/p>\n<p>Nous maitrisons l\u2019int\u00e9gralit\u00e9 de nos \u00e9quipements de production (serveurs et syst\u00e8mes OS) afin d\u2019offrir nos solutions \u00ab&nbsp;cloud&nbsp;\u00bb et g\u00e9rer nos propres \u00ab&nbsp;data wharehouse&nbsp;\u00bb et h\u00e9berger la gestion documentaire de nos clients (sp\u00e9cialit\u00e9 dans l\u2019archivage l\u00e9gal et r\u00e8glementaire des donn\u00e9es du personnel, de la paie) mais aussi worflows et signature \u00e9lectronique. C\u2019est pour nous et nos clients \u2013 grandes entreprises, banques et assurances) la garantie d\u2019un tr\u00e8s haut niveau de disponibilit\u00e9, de confidentialit\u00e9 et de s\u00e9curit\u00e9.<\/p>\n<p><!-- \/wp:paragraph --><\/p>\n<p><!-- wp:paragraph --><\/p>\n<p>Les nombreux projets de d\u00e9veloppements sp\u00e9cifiques dans de multiples contextes ont permis \u00e0 2PY de capitaliser sur les besoins des entreprises et sur les r\u00e9ponses pertinentes \u00e0 apporter.<\/p><p><br><\/p>\n<p><!-- \/wp:paragraph --><\/p>\n<p><!-- wp:paragraph --><\/p>\n<p>Notre \u00e9quipe passionn\u00e9e de d\u00e9veloppeurs d\u00e9vou\u00e9s \u00e0 fournir des solutions personnalis\u00e9es \u00e0 nos clients. Nous travaillons en \u00e9troite collaboration avec nos clients pour analyser et comprendre leur vision et leurs besoins en mati\u00e8re de solutions technologiques. Nous travaillons avec des technologies de pointe telles que Java, .NET, Angular, React et Node.js pour offrir des solutions \u00e9volutives et fiables. Nous utilisons une large gamme d\u2019outils de g\u00e9nie logiciel.<\/p><p><br><\/p>\n<p><!-- \/wp:paragraph --><\/p>\n<p><!-- wp:paragraph --><\/p>\n<p>Chez 2py, notre mission est de fournir des solutions technologiques de pointe \u00e0 nos clients en mettant en \u0153uvre les normes les plus \u00e9lev\u00e9es en mati\u00e8re de qualit\u00e9, d&rsquo;\u00e9volutivit\u00e9 et de fiabilit\u00e9. Nous sommes fiers d&rsquo;une solide r\u00e9putation de respect des d\u00e9lais et de livraison de projets r\u00e9ussis avec un engagement total pour la satisfaction de nos clients qui nous sont fid\u00e8les et reconnaissants. Si vous cherchez \u00e0 am\u00e9liorer votre organisation avec des solutions technologiques innovantes, nous sommes l&rsquo;\u00e9quipe qu&rsquo;il vous faut.<\/p><p><br><\/p>\n<p><!-- \/wp:paragraph --><\/p>\n<p><!-- wp:paragraph --><\/p>\n<p>Mais plus r\u00e9cemment est apparu un besoin essentiel \u00e0 satisfaire c\u2019est le domaine passionnant de la formation auquel nous avons choisi de r\u00e9pondre&nbsp;: la formation professionnelle allie le professionnalisme, les connaissances et des rapports humains privil\u00e9gi\u00e9s entre nos formateurs et nos participants (b\u00e9n\u00e9ficiaires de la formation).<\/p><p><br><\/p>\n<p><!-- \/wp:paragraph --><\/p>\n<p><!-- wp:paragraph --><\/p>\n<p>Nos formations sont adapt\u00e9es aux larges besoins sp\u00e9cifiques de nos clients et en particulier la formation des \u00c9lus municipaux. Ces formations visent \u00e0 r\u00e9pondre aux d\u00e9fis qu\u2019ils rencontrent dans l\u2019exercice de leur mandat.<\/p>\n<p><!-- \/wp:paragraph --><\/p>\n<p><!-- wp:paragraph --><\/p>\n<p>Nos formateurs qui ont une vaste exp\u00e9rience professionnelle dans diff\u00e9rents secteurs d\u2019activit\u00e9s. Ils sont des experts chacun dans leur domaine. Ils disposent des derni\u00e8res m\u00e9thodes p\u00e9dagogiques pour rendre la formation pratique et interactive, favoriser l&rsquo;apprentissage et optimiser la compr\u00e9hension.<\/p><p><br><\/p>\n<p><!-- \/wp:paragraph --><\/p>\n<p><!-- wp:paragraph --><\/p>\n<p>Nous actualisons r\u00e9guli\u00e8rement notre p\u00e9dagogie et ses contenus de formations pour suivre les derni\u00e8res tendances, les changements de l\u00e9gislation et les nouvelles technologies. C\u2019est l\u2019assurance de fournir des informations et des comp\u00e9tences \u00e0 jour.<\/p><p><br><\/p>\n<p><!-- \/wp:paragraph --><\/p>\n<p><!-- wp:paragraph --><\/p>\n<p>Nous dispensons une formation sur mesure pour r\u00e9pondre aux besoins des municipalit\u00e9s. Nous savons personnaliser et adapter la dur\u00e9e, le niveau de difficult\u00e9, la m\u00e9thode d&rsquo;enseignement en pr\u00e9sentiel et distanciel et le contenu de la formation, pour qu&rsquo;elle s&rsquo;adapte exactement aux besoins et situations. Nos formations sont propos\u00e9es de mani\u00e8re flexible. Nous pouvons organiser la formation en intra, en inter ou dans nos locaux. Nous proposons \u00e9galement des sessions Mooc (Massive open online coursive) avec nos plateformes de t\u00e9l\u00e9enseignement (e-learning) Moodle pour une meilleure accessibilit\u00e9 et une flexibilit\u00e9 accrue.<\/p>\n<p><!-- \/wp:paragraph --><\/p>\n<p><!-- wp:html --><br>\n<meta name=\"google-site-verification\" content=\"1RJaM0lKETv-XJR4ojzUGzy5kx-Qmeh8_TJrHdjFGd4\"><br>\n<!-- \/wp:html --><\/p>\t\t\t\t\t\t<\/div>\n\t\t\t\t<\/div>\n\t\t\t\t\t<\/div>\n\t\t<\/div>\n\t\t\t\t\t\t\t<\/div>\n\t\t<\/section>\n\t\t\t\t\t\t\t<\/div>\n\t\t","protected":false},"excerpt":{"rendered":"<p>Qui sommes-nous ? 2PY a \u00e9t\u00e9 cr\u00e9\u00e9e en 2004 par des professionnels combinant leurs comp\u00e9tences dans le conseil, l\u2019assistance et l\u2019ing\u00e9nierie du syst\u00e8me d\u2019information et la formation professionnelle. Notre soci\u00e9t\u00e9 est aujourd\u2019hui encore rest\u00e9e une soci\u00e9t\u00e9 ind\u00e9pendante dont le capital est d\u00e9tenu par ses trois fondateurs (2PY = P+P+Y = Patrick + Philippe + Yves). &hellip; <\/p>\n<p><a class=\"more-link btn\" href=\"https:\/\/www.2py.fr\/2py\/?page_id=320\">Lire la suite<\/a><\/p>\n","protected":false},"author":2,"featured_media":0,"parent":0,"menu_order":0,"comment_status":"closed","ping_status":"closed","template":"elementor_header_footer","meta":[],"_links":{"self":[{"href":"https:\/\/www.2py.fr\/2py\/index.php?rest_route=\/wp\/v2\/pages\/320"}],"collection":[{"href":"https:\/\/www.2py.fr\/2py\/index.php?rest_route=\/wp\/v2\/pages"}],"about":[{"href":"https:\/\/www.2py.fr\/2py\/index.php?rest_route=\/wp\/v2\/types\/page"}],"author":[{"embeddable":true,"href":"https:\/\/www.2py.fr\/2py\/index.php?rest_route=\/wp\/v2\/users\/2"}],"replies":[{"embeddable":true,"href":"https:\/\/www.2py.fr\/2py\/index.php?rest_route=%2Fwp%2Fv2%2Fcomments&post=320"}],"version-history":[{"count":19,"href":"https:\/\/www.2py.fr\/2py\/index.php?rest_route=\/wp\/v2\/pages\/320\/revisions"}],"predecessor-version":[{"id":3228,"href":"https:\/\/www.2py.fr\/2py\/index.php?rest_route=\/wp\/v2\/pages\/320\/revisions\/3228"}],"wp:attachment":[{"href":"https:\/\/www.2py.fr\/2py\/index.php?rest_route=%2Fwp%2Fv2%2Fmedia&parent=320"}],"curies":[{"name":"wp","href":"https:\/\/api.w.org\/{rel}","templated":true}]}}