{"id":174,"date":"2014-10-08T11:31:02","date_gmt":"2014-10-08T10:31:02","guid":{"rendered":"http:\/\/www.2py.fr\/2py\/?page_id=174"},"modified":"2021-06-26T19:57:22","modified_gmt":"2021-06-26T18:57:22","slug":"engge","status":"publish","type":"page","link":"https:\/\/www.2py.fr\/2py\/?page_id=174","title":{"rendered":"ENG@GE"},"content":{"rendered":"<h1>La d\u00e9mat\u00e9rialisation au service de vos achats<\/h1>\n<p><b>Eng@g\u00e9<\/b> comprend deux modules compl\u00e9mentaires (mais pouvant \u00eatre mis en \u0153uvre s\u00e9par\u00e9ment):<\/p>\n<ul>\n<li style=\"list-style-type: none;\">\n<ul>\n<li>Le module <b>\u00ab\u00a0bon de commande\u00a0\u00bb<\/b><\/li>\n<li>Le module <b>\u00ab\u00a0facture fournisseur\u00a0\u00bb<\/b><\/li>\n<\/ul>\n<\/li>\n<\/ul>\n<p>Le module <b>\u00ab\u00a0bon de commande\u00a0\u00bb<\/b> permet d&rsquo;<b>acc\u00e9l\u00e9rer et de fluidifier la cr\u00e9ation et la validation du bon de commande<\/b>:<\/p>\n<ul>\n<li>Interface <i>full web<\/i><\/li>\n<li>S\u00e9lection encadr\u00e9e du fournisseur en fonction du produit \/ service achet\u00e9<\/li>\n<li>Affectation des codes comptables et contr\u00f4le budg\u00e9taire<img decoding=\"async\" loading=\"lazy\" class=\"alignright wp-image-147 size-medium\" src=\"https:\/\/www.2py.fr\/2py\/wp-content\/uploads\/2014\/10\/IMG_3415-500x369.jpg\" alt=\"\" width=\"500\" height=\"369\" srcset=\"https:\/\/www.2py.fr\/2py\/wp-content\/uploads\/2014\/10\/IMG_3415-500x369.jpg 500w, https:\/\/www.2py.fr\/2py\/wp-content\/uploads\/2014\/10\/IMG_3415-1024x756.jpg 1024w\" sizes=\"(max-width: 500px) 100vw, 500px\" \/><\/li>\n<li>Circuit de validation de la commande en fonction du montant, du produit et des d\u00e9l\u00e9gations accord\u00e9es aux acteurs du processus<\/li>\n<li>Notifications automatiques des acteurs par messagerie<\/li>\n<li>Gestion des formes de commande: livraisons multiples, contrat renouvelable, &#8230;<\/li>\n<li>Adressage d\u00e9mat\u00e9rialis\u00e9 au fournisseur<\/li>\n<li>Interface avec l&rsquo;ERP ou l&rsquo;application comptable<\/li>\n<li>Administration du workflow:\n<ul>\n<li>Surveillance des engagements sur les fournisseurs<\/li>\n<li>Alertes sur les d\u00e9passements budg\u00e9taires et sur les d\u00e9lais de traitement<\/li>\n<li>Administration des utilisateurs: cr\u00e9ation &#8211; modification &#8211; suppression des profils<\/li>\n<\/ul>\n<\/li>\n<\/ul>\n<p>Le module <b>\u00ab\u00a0facture fournisseur\u00a0\u00bb<\/b> permet d&rsquo;automatiser <b>le rapprochement et la validation<\/b>:<\/p>\n<ul>\n<li>Scan et indexation des factures re\u00e7ues sur support papier<\/li>\n<li>Indexation directe des factures re\u00e7ue au format \u00e9lectronique<\/li>\n<li>Rapprochement automatique avec le bon de commande<\/li>\n<li>Contr\u00f4le du statut de la commande<\/li>\n<li>Validation imm\u00e9diate ou circuit de validation<\/li>\n<li>Mise \u00e0 jour comptable et budg\u00e9taire<\/li>\n<li>Administration du workflow\n<ul>\n<li>Surveillance des encours<\/li>\n<li>Alertes sur les factures partielles ou non re\u00e7ues; alertes sur les d\u00e9lais de traitement<\/li>\n<li>Administration des utilisateurs<\/li>\n<\/ul>\n<\/li>\n<\/ul>\n<p>Eng@g\u00e9 apporte rigueur et efficacit\u00e9 au processus d&rsquo;achat. Les interfaces <i>full web<\/i> garantissent une appropriation tr\u00e8s rapide de la solution et un confort d&rsquo;utilisation maximal.<\/p>\n<p>Comme pour toutes ses solutions, 2PY assure une adaptation tr\u00e8s pouss\u00e9e \u00e0 chaque contexte client.<\/p>\n","protected":false},"excerpt":{"rendered":"<p>La d\u00e9mat\u00e9rialisation au service de vos achats Eng@g\u00e9 comprend deux modules compl\u00e9mentaires (mais pouvant \u00eatre mis en \u0153uvre s\u00e9par\u00e9ment): Le module \u00ab\u00a0bon de commande\u00a0\u00bb Le module \u00ab\u00a0facture fournisseur\u00a0\u00bb Le module \u00ab\u00a0bon de commande\u00a0\u00bb permet d&rsquo;acc\u00e9l\u00e9rer et de fluidifier la cr\u00e9ation et la validation du bon de commande: Interface full web S\u00e9lection encadr\u00e9e du fournisseur en &hellip; <\/p>\n<p><a class=\"more-link btn\" href=\"https:\/\/www.2py.fr\/2py\/?page_id=174\">Lire la suite<\/a><\/p>\n","protected":false},"author":2,"featured_media":0,"parent":65,"menu_order":2,"comment_status":"open","ping_status":"closed","template":"","meta":[],"_links":{"self":[{"href":"https:\/\/www.2py.fr\/2py\/index.php?rest_route=\/wp\/v2\/pages\/174"}],"collection":[{"href":"https:\/\/www.2py.fr\/2py\/index.php?rest_route=\/wp\/v2\/pages"}],"about":[{"href":"https:\/\/www.2py.fr\/2py\/index.php?rest_route=\/wp\/v2\/types\/page"}],"author":[{"embeddable":true,"href":"https:\/\/www.2py.fr\/2py\/index.php?rest_route=\/wp\/v2\/users\/2"}],"replies":[{"embeddable":true,"href":"https:\/\/www.2py.fr\/2py\/index.php?rest_route=%2Fwp%2Fv2%2Fcomments&post=174"}],"version-history":[{"count":9,"href":"https:\/\/www.2py.fr\/2py\/index.php?rest_route=\/wp\/v2\/pages\/174\/revisions"}],"predecessor-version":[{"id":831,"href":"https:\/\/www.2py.fr\/2py\/index.php?rest_route=\/wp\/v2\/pages\/174\/revisions\/831"}],"up":[{"embeddable":true,"href":"https:\/\/www.2py.fr\/2py\/index.php?rest_route=\/wp\/v2\/pages\/65"}],"wp:attachment":[{"href":"https:\/\/www.2py.fr\/2py\/index.php?rest_route=%2Fwp%2Fv2%2Fmedia&parent=174"}],"curies":[{"name":"wp","href":"https:\/\/api.w.org\/{rel}","templated":true}]}}