{"id":170,"date":"2014-10-08T11:29:54","date_gmt":"2014-10-08T10:29:54","guid":{"rendered":"http:\/\/www.2py.fr\/2py\/?page_id=170"},"modified":"2021-06-26T19:56:17","modified_gmt":"2021-06-26T18:56:17","slug":"gedesy","status":"publish","type":"page","link":"https:\/\/www.2py.fr\/2py\/?page_id=170","title":{"rendered":"GEDE@SY"},"content":{"rendered":"<h1>La solution de GED simple et performante<\/h1>\n<p><b>GEDe@sy <\/b>est une solution SaaS exploitable deux jours apr\u00e8s la commande. Elle est particuli\u00e8rement adapt\u00e9e \u00e0 une \u00e9quipe projet ou plus g\u00e9n\u00e9ralement \u00e0 un groupe d&rsquo;utilisateurs devant alimenter et partager un patrimoine documentaire s\u00e9curis\u00e9 et proposant de puissants outils de recherche.<\/p>\n<p>Les droits des utilisateurs sont param\u00e9trables et permettent de distribuer les r\u00f4les (cumulables) :<img decoding=\"async\" loading=\"lazy\" class=\"alignright wp-image-182 size-full\" src=\"https:\/\/www.2py.fr\/2py\/wp-content\/uploads\/2014\/10\/groupeGEDe@sy.jpg\" alt=\"\" width=\"150\" height=\"150\" \/><\/p>\n<ul>\n<li>Injection de documents dans la GED: \u00ab\u00a0scan web\u00a0\u00bb pour les documents \u00ab\u00a0papier\u00a0\u00bb ou directement pour les fichiers \u00e9lectroniques<\/li>\n<li>Indexation (cr\u00e9ation, modification, suppression) des documents<\/li>\n<li>Consultation des documents (de toutes natures ou restreinte \u00e0 certaines)<\/li>\n<\/ul>\n<p><b>La simplicit\u00e9<\/b> est apport\u00e9e par le mode SaaS. Les utilisateurs se connectent \u00e0 l&rsquo;application par un simple navigateur Internet. L&rsquo;application et les documents sont stock\u00e9s sur les serveurs <b>2PY<\/b>. Les interfaces sont tr\u00e8s simples et adapt\u00e9es \u00e0 chaque contexte client.<\/p>\n<p><b>La performance<\/b> est apport\u00e9e par l&rsquo;optimisation des bases de donn\u00e9es et des bases d&rsquo;images. Le respect de la norme SQL des bases de donn\u00e9es, et les indexations sp\u00e9cifiques de chaque nature de documents garantissent une tr\u00e8s grande puissance de recherche et un affichage tr\u00e8s rapide des r\u00e9sultats.<\/p>\n<p><b>La confidentialit\u00e9<\/b> et<b> la s\u00e9curit\u00e9 <\/b>sont assur\u00e9es par la connexion en mode https et par l&rsquo;authentification des utilisateurs par un identifiant et un mot de passe.<\/p>\n<p><b>GEDe@sy<\/b> est aussi une solution \u00e9conomique et imm\u00e9diatement exploitable.<\/p>\n","protected":false},"excerpt":{"rendered":"<p>La solution de GED simple et performante GEDe@sy est une solution SaaS exploitable deux jours apr\u00e8s la commande. Elle est particuli\u00e8rement adapt\u00e9e \u00e0 une \u00e9quipe projet ou plus g\u00e9n\u00e9ralement \u00e0 un groupe d&rsquo;utilisateurs devant alimenter et partager un patrimoine documentaire s\u00e9curis\u00e9 et proposant de puissants outils de recherche. Les droits des utilisateurs sont param\u00e9trables et &hellip; <\/p>\n<p><a class=\"more-link btn\" href=\"https:\/\/www.2py.fr\/2py\/?page_id=170\">Lire la suite<\/a><\/p>\n","protected":false},"author":2,"featured_media":0,"parent":65,"menu_order":0,"comment_status":"open","ping_status":"closed","template":"","meta":[],"_links":{"self":[{"href":"https:\/\/www.2py.fr\/2py\/index.php?rest_route=\/wp\/v2\/pages\/170"}],"collection":[{"href":"https:\/\/www.2py.fr\/2py\/index.php?rest_route=\/wp\/v2\/pages"}],"about":[{"href":"https:\/\/www.2py.fr\/2py\/index.php?rest_route=\/wp\/v2\/types\/page"}],"author":[{"embeddable":true,"href":"https:\/\/www.2py.fr\/2py\/index.php?rest_route=\/wp\/v2\/users\/2"}],"replies":[{"embeddable":true,"href":"https:\/\/www.2py.fr\/2py\/index.php?rest_route=%2Fwp%2Fv2%2Fcomments&post=170"}],"version-history":[{"count":6,"href":"https:\/\/www.2py.fr\/2py\/index.php?rest_route=\/wp\/v2\/pages\/170\/revisions"}],"predecessor-version":[{"id":829,"href":"https:\/\/www.2py.fr\/2py\/index.php?rest_route=\/wp\/v2\/pages\/170\/revisions\/829"}],"up":[{"embeddable":true,"href":"https:\/\/www.2py.fr\/2py\/index.php?rest_route=\/wp\/v2\/pages\/65"}],"wp:attachment":[{"href":"https:\/\/www.2py.fr\/2py\/index.php?rest_route=%2Fwp%2Fv2%2Fmedia&parent=170"}],"curies":[{"name":"wp","href":"https:\/\/api.w.org\/{rel}","templated":true}]}}