{"id":110,"date":"2014-10-03T11:30:53","date_gmt":"2014-10-03T10:30:53","guid":{"rendered":"http:\/\/www.2py.fr\/2py\/?page_id=110"},"modified":"2021-06-26T19:59:42","modified_gmt":"2021-06-26T18:59:42","slug":"reprise-historique","status":"publish","type":"page","link":"https:\/\/www.2py.fr\/2py\/?page_id=110","title":{"rendered":"REPRISE HISTORIQUE"},"content":{"rendered":"<p>Une solution de GED, quelle qu&rsquo;elle soit, n&rsquo;a de valeur que par la richesse du patrimoine documentaire qui l&rsquo;alimente et la finesse de l&rsquo;indexation (des descriptifs) des documents. Ces param\u00e8tres garantissent la performance de la solution, c&rsquo;est-\u00e0-dire la puissance de la recherche et la facilit\u00e9 de consultation.<\/p>\n<p>Une solution de GED peut d\u00e9marrer \u00ab\u00a0vide\u00a0\u00bb et recueillir les <b>flux documentaires<\/b> p\u00e9riodiques mais pour faciliter son acceptation par les collaborateurs <a href=\"https:\/\/www.2py.fr\/2py\/wp-content\/uploads\/2014\/10\/file_41.jpg\"><img decoding=\"async\" loading=\"lazy\" class=\"alignright wp-image-241 size-full\" src=\"https:\/\/www.2py.fr\/2py\/wp-content\/uploads\/2014\/10\/file_41.jpg\" alt=\"file_4\" width=\"473\" height=\"338\" \/><\/a>et d\u00e9montrer imm\u00e9diatement son efficacit\u00e9, il est pr\u00e9f\u00e9rable d&rsquo;injecter au moment de l&rsquo;initialisation un certain volume d&rsquo;historique. Cet <b>historique<\/b> peut \u00eatre compos\u00e9 de documents \u00ab\u00a0papier\u00a0\u00bb et de fichiers \u00e9lectroniques.<\/p>\n<p>L&rsquo;entreprise peut conduire cette phase de reprise d&rsquo;historique mais elle dispose rarement des mat\u00e9riels et des proc\u00e9dures pour traiter des volum\u00e9tries importantes de documents. <b>2PY <\/b>propose cette prestation car elle dispose des moyens\u00a0 pour la mener \u00e0 bien dans des d\u00e9lais tr\u00e8s courts.<\/p>\n<p>Les technologies d\u00e9ploy\u00e9es d\u00e9pendent des documents trait\u00e9s. LAD et ROC sont utilisables mais en cas de <b>vid\u00e9ocodage<\/b> important, <b>2PY <\/b>a recours \u00e0 une atelier partenaire bas\u00e9 \u00e0 Madagascar avec lequel les m\u00e9thodes d&rsquo;\u00e9change sont bien rod\u00e9es.<\/p>\n","protected":false},"excerpt":{"rendered":"<p>Une solution de GED, quelle qu&rsquo;elle soit, n&rsquo;a de valeur que par la richesse du patrimoine documentaire qui l&rsquo;alimente et la finesse de l&rsquo;indexation (des descriptifs) des documents. Ces param\u00e8tres garantissent la performance de la solution, c&rsquo;est-\u00e0-dire la puissance de la recherche et la facilit\u00e9 de consultation. Une solution de GED peut d\u00e9marrer \u00ab\u00a0vide\u00a0\u00bb et &hellip; <\/p>\n<p><a class=\"more-link btn\" href=\"https:\/\/www.2py.fr\/2py\/?page_id=110\">Lire la suite<\/a><\/p>\n","protected":false},"author":2,"featured_media":0,"parent":112,"menu_order":5,"comment_status":"open","ping_status":"open","template":"","meta":[],"_links":{"self":[{"href":"https:\/\/www.2py.fr\/2py\/index.php?rest_route=\/wp\/v2\/pages\/110"}],"collection":[{"href":"https:\/\/www.2py.fr\/2py\/index.php?rest_route=\/wp\/v2\/pages"}],"about":[{"href":"https:\/\/www.2py.fr\/2py\/index.php?rest_route=\/wp\/v2\/types\/page"}],"author":[{"embeddable":true,"href":"https:\/\/www.2py.fr\/2py\/index.php?rest_route=\/wp\/v2\/users\/2"}],"replies":[{"embeddable":true,"href":"https:\/\/www.2py.fr\/2py\/index.php?rest_route=%2Fwp%2Fv2%2Fcomments&post=110"}],"version-history":[{"count":6,"href":"https:\/\/www.2py.fr\/2py\/index.php?rest_route=\/wp\/v2\/pages\/110\/revisions"}],"predecessor-version":[{"id":839,"href":"https:\/\/www.2py.fr\/2py\/index.php?rest_route=\/wp\/v2\/pages\/110\/revisions\/839"}],"up":[{"embeddable":true,"href":"https:\/\/www.2py.fr\/2py\/index.php?rest_route=\/wp\/v2\/pages\/112"}],"wp:attachment":[{"href":"https:\/\/www.2py.fr\/2py\/index.php?rest_route=%2Fwp%2Fv2%2Fmedia&parent=110"}],"curies":[{"name":"wp","href":"https:\/\/api.w.org\/{rel}","templated":true}]}}