{"id":108,"date":"2014-10-03T11:30:16","date_gmt":"2014-10-03T10:30:16","guid":{"rendered":"http:\/\/www.2py.fr\/2py\/?page_id=108"},"modified":"2021-06-26T19:59:19","modified_gmt":"2021-06-26T18:59:19","slug":"dematerialisation","status":"publish","type":"page","link":"https:\/\/www.2py.fr\/2py\/?page_id=108","title":{"rendered":"DEMATERIALISATION"},"content":{"rendered":"<p>La d\u00e9mat\u00e9rialisation d&rsquo;un document consiste \u00e0 fabriquer une image num\u00e9rique par page dudit document.<\/p>\n<p>Pour une campagne de d\u00e9mat\u00e9rialisation il faut choisir : <a href=\"https:\/\/www.2py.fr\/2py\/wp-content\/uploads\/2014\/09\/fotolia_5416292_xs.jpg\"><img decoding=\"async\" loading=\"lazy\" class=\"alignright wp-image-86 size-medium\" src=\"https:\/\/www.2py.fr\/2py\/wp-content\/uploads\/2014\/09\/fotolia_5416292_xs-300x225.jpg\" alt=\"Stack of stones on beach and yacht in sea\" width=\"300\" height=\"225\" srcset=\"https:\/\/www.2py.fr\/2py\/wp-content\/uploads\/2014\/09\/fotolia_5416292_xs-300x225.jpg 300w, https:\/\/www.2py.fr\/2py\/wp-content\/uploads\/2014\/09\/fotolia_5416292_xs.jpg 400w\" sizes=\"(max-width: 300px) 100vw, 300px\" \/><\/a><\/p>\n<ul>\n<li>Le scanner : pilote TWAIN, vitesse de scan, volum\u00e9trie acceptable (moyenne et maximum par jour), traitements automatiques, recto\/verso, &#8230;<\/li>\n<li>Le s\u00e9quen\u00e7age: mono-page ou multi-pages<\/li>\n<li>Mode couleur: bitonal, couleur<\/li>\n<li>D\u00e9finition: 100, 200, 300 dpi ou autres<\/li>\n<li>Le format des images g\u00e9n\u00e9r\u00e9es : Tiff, Jpeg, PDF, ..;<\/li>\n<li>Les traitements post scan : compression VPDF, Reconstitution des documents multi-pages, &#8230;<\/li>\n<\/ul>\n<p>Ces param\u00e8tres sont pr\u00e9cis\u00e9s par <b>2PY <\/b>en fonction du contexte client et des modes d&rsquo;exploitation des documents. Ainsi l&rsquo;application d&rsquo;une proc\u00e9dure RAD \/ ROC\u00a0 exige souvent une d\u00e9finition minimum de 300 dpi. Les meilleures d\u00e9finitions favorisent aussi la lisibilit\u00e9 mais au d\u00e9triment de la vitesse de scan et en contrepartie de fichiers plus volumineux.<\/p>\n<p>Le plus souvent la fonctionnalit\u00e9 <b>\u00ab\u00a0Scan Web\u00a0\u00bb<\/b> est retenu car elle permet l&rsquo;injection directe des images sur le serveur de l&rsquo;application.<\/p>\n<p><b>2PY <\/b>ma\u00eetrise depuis de nombreuses ann\u00e9es les technologies d&rsquo;imagerie et propose les meilleurs compromis : modalit\u00e9s, type et nombre de scanners. <strong>2PY<\/strong> propose aussi ses prestations de scan pour les reprises d&rsquo;historique ou les flux.<\/p>\n","protected":false},"excerpt":{"rendered":"<p>La d\u00e9mat\u00e9rialisation d&rsquo;un document consiste \u00e0 fabriquer une image num\u00e9rique par page dudit document. Pour une campagne de d\u00e9mat\u00e9rialisation il faut choisir : Le scanner : pilote TWAIN, vitesse de scan, volum\u00e9trie acceptable (moyenne et maximum par jour), traitements automatiques, recto\/verso, &#8230; Le s\u00e9quen\u00e7age: mono-page ou multi-pages Mode couleur: bitonal, couleur D\u00e9finition: 100, 200, 300 &hellip; <\/p>\n<p><a class=\"more-link btn\" href=\"https:\/\/www.2py.fr\/2py\/?page_id=108\">Lire la suite<\/a><\/p>\n","protected":false},"author":2,"featured_media":0,"parent":112,"menu_order":3,"comment_status":"open","ping_status":"closed","template":"","meta":[],"_links":{"self":[{"href":"https:\/\/www.2py.fr\/2py\/index.php?rest_route=\/wp\/v2\/pages\/108"}],"collection":[{"href":"https:\/\/www.2py.fr\/2py\/index.php?rest_route=\/wp\/v2\/pages"}],"about":[{"href":"https:\/\/www.2py.fr\/2py\/index.php?rest_route=\/wp\/v2\/types\/page"}],"author":[{"embeddable":true,"href":"https:\/\/www.2py.fr\/2py\/index.php?rest_route=\/wp\/v2\/users\/2"}],"replies":[{"embeddable":true,"href":"https:\/\/www.2py.fr\/2py\/index.php?rest_route=%2Fwp%2Fv2%2Fcomments&post=108"}],"version-history":[{"count":7,"href":"https:\/\/www.2py.fr\/2py\/index.php?rest_route=\/wp\/v2\/pages\/108\/revisions"}],"predecessor-version":[{"id":838,"href":"https:\/\/www.2py.fr\/2py\/index.php?rest_route=\/wp\/v2\/pages\/108\/revisions\/838"}],"up":[{"embeddable":true,"href":"https:\/\/www.2py.fr\/2py\/index.php?rest_route=\/wp\/v2\/pages\/112"}],"wp:attachment":[{"href":"https:\/\/www.2py.fr\/2py\/index.php?rest_route=%2Fwp%2Fv2%2Fmedia&parent=108"}],"curies":[{"name":"wp","href":"https:\/\/api.w.org\/{rel}","templated":true}]}}