{"id":106,"date":"2014-10-03T11:29:48","date_gmt":"2014-10-03T10:29:48","guid":{"rendered":"http:\/\/www.2py.fr\/2py\/?page_id=106"},"modified":"2021-06-26T19:59:01","modified_gmt":"2021-06-26T18:59:01","slug":"workflow","status":"publish","type":"page","link":"https:\/\/www.2py.fr\/2py\/?page_id=106","title":{"rendered":"WORKFLOW"},"content":{"rendered":"<h1>La mod\u00e9lisation des processus<\/h1>\n<p>La gestion d\u00e9mat\u00e9rialis\u00e9e d&rsquo;un patrimoine documentaire \u00eatre motiv\u00e9e par :<\/p>\n<p>L&rsquo;acc\u00e8s par de multiples utilisateurs souvent \u00e9loign\u00e9s g\u00e9ographiquement<br \/>\nLa s\u00e9curit\u00e9 de l&rsquo;archivage et l&rsquo;\u00e9conomie d&rsquo;espace<\/p>\n<p>La GED contient souvent des informations \u00ab\u00a0vivantes \u00a0\u00bb au sens du cycle de vie de l&rsquo;information; il est n\u00e9cessaire de compl\u00e9ter la fonction stockage\/recherche par des processus d&rsquo;enrichissement bas\u00e9s sur la circulation des informations et des documents.<\/p>\n<p>Ces processus concernent le plus souvent des documents \u00e9chang\u00e9s dans l&rsquo;entreprise ou entre l&rsquo;entreprise et des tiers : <a href=\"https:\/\/www.2py.fr\/2py\/wp-content\/uploads\/2014\/10\/bodeco_ravapa1.jpg\"><img decoding=\"async\" loading=\"lazy\" class=\"alignright wp-image-142 size-medium\" src=\"https:\/\/www.2py.fr\/2py\/wp-content\/uploads\/2014\/10\/bodeco_ravapa1-476x700.jpg\" alt=\"bodeco_ravapa1\" width=\"476\" height=\"700\" srcset=\"https:\/\/www.2py.fr\/2py\/wp-content\/uploads\/2014\/10\/bodeco_ravapa1-476x700.jpg 476w, https:\/\/www.2py.fr\/2py\/wp-content\/uploads\/2014\/10\/bodeco_ravapa1.jpg 600w\" sizes=\"(max-width: 476px) 100vw, 476px\" \/><\/a><\/p>\n<ul>\n<li>Bons de commande<\/li>\n<li>Contrats<\/li>\n<li>Factures fournisseur<\/li>\n<li>Justificatifs et pi\u00e8ces annexes<\/li>\n<li>Courriers<\/li>\n<li>Compte rendu<br \/>\n&#8230;<\/li>\n<\/ul>\n<p>Les processus qui leurs sont appliqu\u00e9s :<\/p>\n<ul>\n<li>Cr\u00e9ation (assistance aux choix des param\u00e8tres et contr\u00f4les)<\/li>\n<li>R\u00e9ception (extraction des donn\u00e9es et contr\u00f4les)<\/li>\n<li>Validation pour action (envoi, paiement, signature, &#8230;)<\/li>\n<li>Association \u00e0 des dossiers<\/li>\n<li>Mise \u00e0 disposition<br \/>\n&#8230;<\/li>\n<\/ul>\n<p>Gr\u00e2ce \u00e0 son expertise dans les processus fonctionnels de l&rsquo;entreprise, 2PY est en mesure de proposer de nouveaux modes op\u00e9ratoires, \u00e0 la fois simples et efficaces<\/p>\n<p>Toujours fid\u00e8le au mode \u00ab\u00a0full web\u00a0\u00bb , 2PY adapte les bases de donn\u00e9es, d\u00e9veloppe les interfaces utilisateurs et les passerelles\u00a0 afin de d\u00e9ployer les nouveaux workflows \u00ab\u00a0d\u00e9mat\u00e9rialis\u00e9s\u00a0\u00bb.<\/p>\n","protected":false},"excerpt":{"rendered":"<p>La mod\u00e9lisation des processus La gestion d\u00e9mat\u00e9rialis\u00e9e d&rsquo;un patrimoine documentaire \u00eatre motiv\u00e9e par : L&rsquo;acc\u00e8s par de multiples utilisateurs souvent \u00e9loign\u00e9s g\u00e9ographiquement La s\u00e9curit\u00e9 de l&rsquo;archivage et l&rsquo;\u00e9conomie d&rsquo;espace La GED contient souvent des informations \u00ab\u00a0vivantes \u00a0\u00bb au sens du cycle de vie de l&rsquo;information; il est n\u00e9cessaire de compl\u00e9ter la fonction stockage\/recherche par des &hellip; <\/p>\n<p><a class=\"more-link btn\" href=\"https:\/\/www.2py.fr\/2py\/?page_id=106\">Lire la suite<\/a><\/p>\n","protected":false},"author":2,"featured_media":0,"parent":112,"menu_order":1,"comment_status":"open","ping_status":"open","template":"","meta":[],"_links":{"self":[{"href":"https:\/\/www.2py.fr\/2py\/index.php?rest_route=\/wp\/v2\/pages\/106"}],"collection":[{"href":"https:\/\/www.2py.fr\/2py\/index.php?rest_route=\/wp\/v2\/pages"}],"about":[{"href":"https:\/\/www.2py.fr\/2py\/index.php?rest_route=\/wp\/v2\/types\/page"}],"author":[{"embeddable":true,"href":"https:\/\/www.2py.fr\/2py\/index.php?rest_route=\/wp\/v2\/users\/2"}],"replies":[{"embeddable":true,"href":"https:\/\/www.2py.fr\/2py\/index.php?rest_route=%2Fwp%2Fv2%2Fcomments&post=106"}],"version-history":[{"count":14,"href":"https:\/\/www.2py.fr\/2py\/index.php?rest_route=\/wp\/v2\/pages\/106\/revisions"}],"predecessor-version":[{"id":837,"href":"https:\/\/www.2py.fr\/2py\/index.php?rest_route=\/wp\/v2\/pages\/106\/revisions\/837"}],"up":[{"embeddable":true,"href":"https:\/\/www.2py.fr\/2py\/index.php?rest_route=\/wp\/v2\/pages\/112"}],"wp:attachment":[{"href":"https:\/\/www.2py.fr\/2py\/index.php?rest_route=%2Fwp%2Fv2%2Fmedia&parent=106"}],"curies":[{"name":"wp","href":"https:\/\/api.w.org\/{rel}","templated":true}]}}