{"id":405,"date":"2023-01-06T21:35:30","date_gmt":"2023-01-06T20:35:30","guid":{"rendered":"https:\/\/www.2py.fr\/2py-formation\/\/?page_id=405"},"modified":"2023-02-20T07:38:01","modified_gmt":"2023-02-20T06:38:01","slug":"notre-pedagogie","status":"publish","type":"page","link":"https:\/\/www.2py.fr\/2py-formation\/notre-pedagogie\/","title":{"rendered":"Notre P\u00e9dagogie"},"content":{"rendered":"\t\t<div data-elementor-type=\"wp-page\" data-elementor-id=\"405\" class=\"elementor elementor-405\">\n\t\t\t\t\t\t\t\t\t<section class=\"elementor-section elementor-top-section elementor-element elementor-element-1a579046 elementor-section-stretched elementor-section-boxed elementor-section-height-default elementor-section-height-default\" data-id=\"1a579046\" data-element_type=\"section\" data-settings=\"{&quot;stretch_section&quot;:&quot;section-stretched&quot;,&quot;background_background&quot;:&quot;classic&quot;}\">\n\t\t\t\t\t\t<div class=\"elementor-container elementor-column-gap-default\">\n\t\t\t\t\t<div class=\"elementor-column elementor-col-100 elementor-top-column elementor-element elementor-element-ee0b2e1\" data-id=\"ee0b2e1\" data-element_type=\"column\">\n\t\t\t<div class=\"elementor-widget-wrap elementor-element-populated\">\n\t\t\t\t\t\t\t\t<div class=\"elementor-element elementor-element-2cdff52 elementor-widget elementor-widget-heading\" data-id=\"2cdff52\" data-element_type=\"widget\" data-widget_type=\"heading.default\">\n\t\t\t\t<div class=\"elementor-widget-container\">\n\t\t\t<h2 class=\"elementor-heading-title elementor-size-default\">Notre P\u00e9dagogie<\/h2>\t\t<\/div>\n\t\t\t\t<\/div>\n\t\t\t\t\t<\/div>\n\t\t<\/div>\n\t\t\t\t\t\t\t<\/div>\n\t\t<\/section>\n\t\t\t\t<section class=\"elementor-section elementor-top-section elementor-element elementor-element-4cd3394 elementor-section-stretched elementor-section-boxed elementor-section-height-default elementor-section-height-default\" data-id=\"4cd3394\" data-element_type=\"section\" data-settings=\"{&quot;stretch_section&quot;:&quot;section-stretched&quot;}\">\n\t\t\t\t\t\t<div class=\"elementor-container elementor-column-gap-default\">\n\t\t\t\t\t<div class=\"elementor-column elementor-col-100 elementor-top-column elementor-element elementor-element-74f3b87\" data-id=\"74f3b87\" data-element_type=\"column\">\n\t\t\t<div class=\"elementor-widget-wrap elementor-element-populated\">\n\t\t\t\t\t\t\t\t<div class=\"elementor-element elementor-element-6cb2412 elementor-widget elementor-widget-image\" data-id=\"6cb2412\" data-element_type=\"widget\" data-widget_type=\"image.default\">\n\t\t\t\t<div class=\"elementor-widget-container\">\n\t\t\t\t\t\t\t\t\t\t\t\t\t\t\t<img loading=\"lazy\" decoding=\"async\" width=\"800\" height=\"413\" src=\"https:\/\/www.2py.fr\/2py-formation\/wp-content\/uploads\/2023\/01\/processus-formation-blanc-copie-2-1024x529.png\" class=\"attachment-large size-large wp-image-423\" alt=\"Notre p\u00e9dagogie de formation des \u00e9lus\" \/>\t\t\t\t\t\t\t\t\t\t\t\t\t\t\t<\/div>\n\t\t\t\t<\/div>\n\t\t\t\t<div class=\"elementor-element elementor-element-fac6ef6 elementor-widget elementor-widget-spacer\" data-id=\"fac6ef6\" data-element_type=\"widget\" data-widget_type=\"spacer.default\">\n\t\t\t\t<div class=\"elementor-widget-container\">\n\t\t\t\t\t<div class=\"elementor-spacer\">\n\t\t\t<div class=\"elementor-spacer-inner\"><\/div>\n\t\t<\/div>\n\t\t\t\t<\/div>\n\t\t\t\t<\/div>\n\t\t\t\t<div class=\"elementor-element elementor-element-d6042b3 elementor-widget elementor-widget-heading\" data-id=\"d6042b3\" data-element_type=\"widget\" data-widget_type=\"heading.default\">\n\t\t\t\t<div class=\"elementor-widget-container\">\n\t\t\t<h2 class=\"elementor-heading-title elementor-size-default\">Notre Savoir-Faire<\/h2>\t\t<\/div>\n\t\t\t\t<\/div>\n\t\t\t\t<div class=\"elementor-element elementor-element-f8db444 elementor-widget elementor-widget-spacer\" data-id=\"f8db444\" data-element_type=\"widget\" data-widget_type=\"spacer.default\">\n\t\t\t\t<div class=\"elementor-widget-container\">\n\t\t\t\t\t<div class=\"elementor-spacer\">\n\t\t\t<div class=\"elementor-spacer-inner\"><\/div>\n\t\t<\/div>\n\t\t\t\t<\/div>\n\t\t\t\t<\/div>\n\t\t\t\t<div class=\"elementor-element elementor-element-d835aaf elementor-widget elementor-widget-heading\" data-id=\"d835aaf\" data-element_type=\"widget\" data-widget_type=\"heading.default\">\n\t\t\t\t<div class=\"elementor-widget-container\">\n\t\t\t<h4 class=\"elementor-heading-title elementor-size-default\">A. Deux principes essentiels fondent notre identit\u00e9<\/h4>\t\t<\/div>\n\t\t\t\t<\/div>\n\t\t\t\t<section class=\"elementor-section elementor-inner-section elementor-element elementor-element-1997e79 elementor-section-content-middle elementor-section-boxed elementor-section-height-default elementor-section-height-default\" data-id=\"1997e79\" data-element_type=\"section\" data-settings=\"{&quot;background_background&quot;:&quot;classic&quot;}\">\n\t\t\t\t\t\t<div class=\"elementor-container elementor-column-gap-default\">\n\t\t\t\t\t<div class=\"elementor-column elementor-col-50 elementor-inner-column elementor-element elementor-element-02dcde8\" data-id=\"02dcde8\" data-element_type=\"column\">\n\t\t\t<div class=\"elementor-widget-wrap elementor-element-populated\">\n\t\t\t\t\t\t\t\t<div class=\"elementor-element elementor-element-db5fa1e elementor-widget elementor-widget-heading\" data-id=\"db5fa1e\" data-element_type=\"widget\" data-widget_type=\"heading.default\">\n\t\t\t\t<div class=\"elementor-widget-container\">\n\t\t\t<h5 class=\"elementor-heading-title elementor-size-default\">1. La structuration des formations<\/h5>\t\t<\/div>\n\t\t\t\t<\/div>\n\t\t\t\t<div class=\"elementor-element elementor-element-0203dd5 elementor-widget elementor-widget-text-editor\" data-id=\"0203dd5\" data-element_type=\"widget\" data-widget_type=\"text-editor.default\">\n\t\t\t\t<div class=\"elementor-widget-container\">\n\t\t\t\t\t\t\t<p>Il a fallu d\u00e9terminer un conducteur p\u00e9dagogique efficace r\u00e9pondant \u00e0 nos exigences professionnelles mais aussi aux attentes des \u00e9lus que l\u2019on a pu sonder au fil de nos pr\u00e9rogatives.<\/p>\n<p>Ainsi, nous avons opt\u00e9 pour cette organisation p\u00e9dagogique&nbsp;qui fait la particularit\u00e9 de nos interventions en mettant en place un fonctionnement et des outils p\u00e9dagogiques r\u00e9pondant aux pr\u00e9occupations de \u00e9lus locaux.<\/p>\t\t\t\t\t\t<\/div>\n\t\t\t\t<\/div>\n\t\t\t\t\t<\/div>\n\t\t<\/div>\n\t\t\t\t<div class=\"elementor-column elementor-col-50 elementor-inner-column elementor-element elementor-element-49125de\" data-id=\"49125de\" data-element_type=\"column\" data-settings=\"{&quot;background_background&quot;:&quot;classic&quot;}\">\n\t\t\t<div class=\"elementor-widget-wrap elementor-element-populated\">\n\t\t\t\t\t\t\t\t<div class=\"elementor-element elementor-element-696316a elementor-widget elementor-widget-heading\" data-id=\"696316a\" data-element_type=\"widget\" data-widget_type=\"heading.default\">\n\t\t\t\t<div class=\"elementor-widget-container\">\n\t\t\t<h4 class=\"elementor-heading-title elementor-size-default\">Fiche p\u00e9dagogique type<\/h4>\t\t<\/div>\n\t\t\t\t<\/div>\n\t\t\t\t<div class=\"elementor-element elementor-element-3c4d6cd elementor-widget elementor-widget-text-editor\" data-id=\"3c4d6cd\" data-element_type=\"widget\" data-widget_type=\"text-editor.default\">\n\t\t\t\t<div class=\"elementor-widget-container\">\n\t\t\t\t\t\t\t<p class=\"has-text-align-left\"><strong>De la th\u00e9orie \u00e0 la pratique<\/strong><\/p><p>Chaque module est construit suivant trois axes fondamentaux :<\/p><ul><li>Th\u00e9orie<\/li><li>Echange des savoir-faire<\/li><li>Etude de cas<\/li><\/ul><p>\u00a0<\/p><p class=\"has-text-align-left\"><strong>Les principaux objectifs des formations 2py pour les \u00e9lus sont de :<\/strong><\/p><ul><li>Acqu\u00e9rir et\/ou affiner des comp\u00e9tences<\/li><li>Emmagasiner et\/ou am\u00e9liorer des connaissances<\/li><li>Renforcer la r\u00e9activit\u00e9 des \u00e9lus locaux face aux interrogations des administr\u00e9s<\/li><\/ul>\t\t\t\t\t\t<\/div>\n\t\t\t\t<\/div>\n\t\t\t\t\t<\/div>\n\t\t<\/div>\n\t\t\t\t\t\t\t<\/div>\n\t\t<\/section>\n\t\t\t\t<section class=\"elementor-section elementor-inner-section elementor-element elementor-element-fe1dc34 elementor-section-full_width elementor-section-height-default elementor-section-height-default\" data-id=\"fe1dc34\" data-element_type=\"section\">\n\t\t\t\t\t\t<div class=\"elementor-container elementor-column-gap-default\">\n\t\t\t\t\t<div class=\"elementor-column elementor-col-50 elementor-inner-column elementor-element elementor-element-725edb2\" data-id=\"725edb2\" data-element_type=\"column\" data-settings=\"{&quot;background_background&quot;:&quot;classic&quot;}\">\n\t\t\t<div class=\"elementor-widget-wrap elementor-element-populated\">\n\t\t\t\t\t\t\t\t<div class=\"elementor-element elementor-element-dbee4e1 elementor-view-default elementor-widget elementor-widget-icon\" data-id=\"dbee4e1\" data-element_type=\"widget\" data-widget_type=\"icon.default\">\n\t\t\t\t<div class=\"elementor-widget-container\">\n\t\t\t\t\t<div class=\"elementor-icon-wrapper\">\n\t\t\t<div class=\"elementor-icon\">\n\t\t\t<i aria-hidden=\"true\" class=\"fas fa-handshake\"><\/i>\t\t\t<\/div>\n\t\t<\/div>\n\t\t\t\t<\/div>\n\t\t\t\t<\/div>\n\t\t\t\t\t<\/div>\n\t\t<\/div>\n\t\t\t\t<div class=\"elementor-column elementor-col-50 elementor-inner-column elementor-element elementor-element-cd3b9d1\" data-id=\"cd3b9d1\" data-element_type=\"column\">\n\t\t\t<div class=\"elementor-widget-wrap elementor-element-populated\">\n\t\t\t\t\t\t\t\t<div class=\"elementor-element elementor-element-57e4aea elementor-widget elementor-widget-heading\" data-id=\"57e4aea\" data-element_type=\"widget\" data-widget_type=\"heading.default\">\n\t\t\t\t<div class=\"elementor-widget-container\">\n\t\t\t<h5 class=\"elementor-heading-title elementor-size-default\">2. Des contenus de formations r\u00e9pondant aux attentes des \u00e9lus locaux<\/h5>\t\t<\/div>\n\t\t\t\t<\/div>\n\t\t\t\t<div class=\"elementor-element elementor-element-f0848b6 elementor-widget elementor-widget-text-editor\" data-id=\"f0848b6\" data-element_type=\"widget\" data-widget_type=\"text-editor.default\">\n\t\t\t\t<div class=\"elementor-widget-container\">\n\t\t\t\t\t\t\t<p>Construire le contenu de nos formations avec les personnes concern\u00e9es est pour nous une \u00e9vidence. Il s\u2019agit de r\u00e9pondre aux probl\u00e9matiques v\u00e9cues par les \u00e9lus locaux autour de th\u00e9matiques indispensables \u00e0 conna\u00eetre pour le bon fonctionnement du mandat.<\/p><p>Cela demande une pr\u00e9paration en amont de la formation en utilisant plus d\u2019outils comme le questionnaire ou encore les QCM (questions \u00e0 choix multiples) nous permettant de d\u00e9terminer le niveau de connaissance de chacun. L\u2019entretien en pr\u00e9sentiel reste un des outils indispensables. Lorsque cela est impossible, nous insistons pour qu\u2019il y ait au moins un \u00e9change t\u00e9l\u00e9phonique avec les participants. C\u2019est pour cette raison que nous privil\u00e9gions un petit nombre d\u2019\u00e9lus, par journ\u00e9e de formation, soit entre 7 et 10 au maximum.<\/p>\t\t\t\t\t\t<\/div>\n\t\t\t\t<\/div>\n\t\t\t\t\t<\/div>\n\t\t<\/div>\n\t\t\t\t\t\t\t<\/div>\n\t\t<\/section>\n\t\t\t\t<div class=\"elementor-element elementor-element-7fc0d5d elementor-widget elementor-widget-spacer\" data-id=\"7fc0d5d\" data-element_type=\"widget\" data-widget_type=\"spacer.default\">\n\t\t\t\t<div class=\"elementor-widget-container\">\n\t\t\t\t\t<div class=\"elementor-spacer\">\n\t\t\t<div class=\"elementor-spacer-inner\"><\/div>\n\t\t<\/div>\n\t\t\t\t<\/div>\n\t\t\t\t<\/div>\n\t\t\t\t<div class=\"elementor-element elementor-element-d7a3227 elementor-widget elementor-widget-heading\" data-id=\"d7a3227\" data-element_type=\"widget\" data-widget_type=\"heading.default\">\n\t\t\t\t<div class=\"elementor-widget-container\">\n\t\t\t<h4 class=\"elementor-heading-title elementor-size-default\"> B. R\u00e9insertion professionnelle<\/h4>\t\t<\/div>\n\t\t\t\t<\/div>\n\t\t\t\t<section class=\"elementor-section elementor-inner-section elementor-element elementor-element-59c7cb3 elementor-section-boxed elementor-section-height-default elementor-section-height-default\" data-id=\"59c7cb3\" data-element_type=\"section\">\n\t\t\t\t\t\t<div class=\"elementor-container elementor-column-gap-default\">\n\t\t\t\t\t<div class=\"elementor-column elementor-col-50 elementor-inner-column elementor-element elementor-element-de77830\" data-id=\"de77830\" data-element_type=\"column\">\n\t\t\t<div class=\"elementor-widget-wrap elementor-element-populated\">\n\t\t\t\t\t\t\t\t<div class=\"elementor-element elementor-element-543d604 elementor-widget elementor-widget-text-editor\" data-id=\"543d604\" data-element_type=\"widget\" data-widget_type=\"text-editor.default\">\n\t\t\t\t<div class=\"elementor-widget-container\">\n\t\t\t\t\t\t\t<p>Au cours de leur mandat, les \u00e9lus locaux d\u00e9veloppent de nouvelles comp\u00e9tences qui, parfois, deviennent sont ma\u00eetris\u00e9es au point de devenir un acquis professionnel. Il est possible de valoriser ce nouveau savoir en r\u00e9alisant une V.A.E (Validation des Acquis de l\u2019Exp\u00e9rience).<\/p><p>Nous r\u00e9alisons cet accompagnement avec nos experts sur la question. De plus, nous accompagnons \u00e9galement les \u00e9lus locaux qui souhaitent mettre en place un projet global de r\u00e9insertion professionnelle pour pr\u00e9parer l\u2019apr\u00e8s-mandat.<\/p>\t\t\t\t\t\t<\/div>\n\t\t\t\t<\/div>\n\t\t\t\t<div class=\"elementor-element elementor-element-b8ac148 elementor-align-center elementor-widget elementor-widget-button\" data-id=\"b8ac148\" data-element_type=\"widget\" data-widget_type=\"button.default\">\n\t\t\t\t<div class=\"elementor-widget-container\">\n\t\t\t\t\t<div class=\"elementor-button-wrapper\">\n\t\t\t<a href=\"https:\/\/www.2py.fr\/2py-formation\/\/droit-des-elus\/\" class=\"elementor-button-link elementor-button elementor-size-sm\" role=\"button\">\n\t\t\t\t\t\t<span class=\"elementor-button-content-wrapper\">\n\t\t\t\t\t\t<span class=\"elementor-button-text\">Valoriser ses comp\u00e9tences<\/span>\n\t\t<\/span>\n\t\t\t\t\t<\/a>\n\t\t<\/div>\n\t\t\t\t<\/div>\n\t\t\t\t<\/div>\n\t\t\t\t\t<\/div>\n\t\t<\/div>\n\t\t\t\t<div class=\"elementor-column elementor-col-50 elementor-inner-column elementor-element elementor-element-41570b6\" data-id=\"41570b6\" data-element_type=\"column\">\n\t\t\t<div class=\"elementor-widget-wrap elementor-element-populated\">\n\t\t\t\t\t\t\t\t<div class=\"elementor-element elementor-element-ce8393c elementor-widget elementor-widget-image\" data-id=\"ce8393c\" data-element_type=\"widget\" data-widget_type=\"image.default\">\n\t\t\t\t<div class=\"elementor-widget-container\">\n\t\t\t\t\t\t\t\t\t\t\t\t\t\t\t<img loading=\"lazy\" decoding=\"async\" width=\"800\" height=\"566\" src=\"https:\/\/www.2py.fr\/2py-formation\/wp-content\/uploads\/2023\/02\/hand-2111445_1920-1024x724.jpg\" class=\"attachment-large size-large wp-image-1613\" alt=\"Formation des \u00e9lus\" \/>\t\t\t\t\t\t\t\t\t\t\t\t\t\t\t<\/div>\n\t\t\t\t<\/div>\n\t\t\t\t\t<\/div>\n\t\t<\/div>\n\t\t\t\t\t\t\t<\/div>\n\t\t<\/section>\n\t\t\t\t<div class=\"elementor-element elementor-element-c540cd3 elementor-widget elementor-widget-spacer\" data-id=\"c540cd3\" data-element_type=\"widget\" data-widget_type=\"spacer.default\">\n\t\t\t\t<div class=\"elementor-widget-container\">\n\t\t\t\t\t<div class=\"elementor-spacer\">\n\t\t\t<div class=\"elementor-spacer-inner\"><\/div>\n\t\t<\/div>\n\t\t\t\t<\/div>\n\t\t\t\t<\/div>\n\t\t\t\t\t<\/div>\n\t\t<\/div>\n\t\t\t\t\t\t\t<\/div>\n\t\t<\/section>\n\t\t\t\t<section class=\"elementor-section elementor-inner-section elementor-element elementor-element-7aad5b0f elementor-section-boxed elementor-section-height-default elementor-section-height-default elementor-invisible\" data-id=\"7aad5b0f\" data-element_type=\"section\" data-settings=\"{&quot;background_background&quot;:&quot;classic&quot;,&quot;animation&quot;:&quot;zoomIn&quot;}\">\n\t\t\t\t\t\t<div class=\"elementor-container elementor-column-gap-default\">\n\t\t\t\t\t<div class=\"elementor-column elementor-col-100 elementor-inner-column elementor-element elementor-element-193ec8bc\" data-id=\"193ec8bc\" data-element_type=\"column\">\n\t\t\t<div class=\"elementor-widget-wrap elementor-element-populated\">\n\t\t\t\t\t\t\t\t<div class=\"elementor-element elementor-element-4e26aeb9 elementor-widget elementor-widget-heading\" data-id=\"4e26aeb9\" data-element_type=\"widget\" data-widget_type=\"heading.default\">\n\t\t\t\t<div class=\"elementor-widget-container\">\n\t\t\t<h3 class=\"elementor-heading-title elementor-size-default\">Pour en savoir +<\/h3>\t\t<\/div>\n\t\t\t\t<\/div>\n\t\t\t\t<div class=\"elementor-element elementor-element-1484cea9 elementor-align-center elementor-widget elementor-widget-button\" data-id=\"1484cea9\" data-element_type=\"widget\" data-widget_type=\"button.default\">\n\t\t\t\t<div class=\"elementor-widget-container\">\n\t\t\t\t\t<div class=\"elementor-button-wrapper\">\n\t\t\t<a href=\"#\" class=\"elementor-button-link elementor-button elementor-size-sm\" role=\"button\">\n\t\t\t\t\t\t<span class=\"elementor-button-content-wrapper\">\n\t\t\t\t\t\t<span class=\"elementor-button-text\">Contactez nous<\/span>\n\t\t<\/span>\n\t\t\t\t\t<\/a>\n\t\t<\/div>\n\t\t\t\t<\/div>\n\t\t\t\t<\/div>\n\t\t\t\t\t<\/div>\n\t\t<\/div>\n\t\t\t\t\t\t\t<\/div>\n\t\t<\/section>\n\t\t\t\t\t\t\t<\/div>\n\t\t","protected":false},"excerpt":{"rendered":"<p>Notre P\u00e9dagogie Notre Savoir-Faire A. Deux principes essentiels fondent notre identit\u00e9 1. La structuration des formations Il a fallu d\u00e9terminer un conducteur p\u00e9dagogique efficace r\u00e9pondant \u00e0 nos exigences professionnelles mais aussi aux attentes des \u00e9lus que l\u2019on a pu sonder au fil de nos pr\u00e9rogatives. Ainsi, nous avons opt\u00e9 pour cette organisation p\u00e9dagogique&nbsp;qui fait la [&hellip;]<\/p>\n","protected":false},"author":1,"featured_media":0,"parent":0,"menu_order":0,"comment_status":"closed","ping_status":"closed","template":"elementor_header_footer","meta":{"footnotes":""},"class_list":["post-405","page","type-page","status-publish","hentry"],"rttpg_featured_image_url":null,"rttpg_author":{"display_name":"AnneSolocal","author_link":"https:\/\/www.2py.fr\/2py-formation\/author\/annesolocal\/"},"rttpg_comment":0,"rttpg_category":null,"rttpg_excerpt":"Notre P\u00e9dagogie Notre Savoir-Faire A. Deux principes essentiels fondent notre identit\u00e9 1. La structuration des formations Il a fallu d\u00e9terminer un conducteur p\u00e9dagogique efficace r\u00e9pondant \u00e0 nos exigences professionnelles mais aussi aux attentes des \u00e9lus que l\u2019on a pu sonder au fil de nos pr\u00e9rogatives. Ainsi, nous avons opt\u00e9 pour cette organisation p\u00e9dagogique&nbsp;qui fait la\u2026","_links":{"self":[{"href":"https:\/\/www.2py.fr\/2py-formation\/wp-json\/wp\/v2\/pages\/405","targetHints":{"allow":["GET"]}}],"collection":[{"href":"https:\/\/www.2py.fr\/2py-formation\/wp-json\/wp\/v2\/pages"}],"about":[{"href":"https:\/\/www.2py.fr\/2py-formation\/wp-json\/wp\/v2\/types\/page"}],"author":[{"embeddable":true,"href":"https:\/\/www.2py.fr\/2py-formation\/wp-json\/wp\/v2\/users\/1"}],"replies":[{"embeddable":true,"href":"https:\/\/www.2py.fr\/2py-formation\/wp-json\/wp\/v2\/comments?post=405"}],"version-history":[{"count":38,"href":"https:\/\/www.2py.fr\/2py-formation\/wp-json\/wp\/v2\/pages\/405\/revisions"}],"predecessor-version":[{"id":1628,"href":"https:\/\/www.2py.fr\/2py-formation\/wp-json\/wp\/v2\/pages\/405\/revisions\/1628"}],"wp:attachment":[{"href":"https:\/\/www.2py.fr\/2py-formation\/wp-json\/wp\/v2\/media?parent=405"}],"curies":[{"name":"wp","href":"https:\/\/api.w.org\/{rel}","templated":true}]}}