{"id":2566,"date":"2023-03-17T15:21:27","date_gmt":"2023-03-17T14:21:27","guid":{"rendered":"https:\/\/www.2py.fr\/2py-formation\/?page_id=2566"},"modified":"2023-03-29T18:12:38","modified_gmt":"2023-03-29T16:12:38","slug":"marches-publics","status":"publish","type":"page","link":"https:\/\/www.2py.fr\/2py-formation\/marches-publics\/","title":{"rendered":"March\u00e9s publics"},"content":{"rendered":"\t\t<div data-elementor-type=\"wp-page\" data-elementor-id=\"2566\" class=\"elementor elementor-2566\">\n\t\t\t\t\t\t\t\t\t<section class=\"elementor-section elementor-top-section elementor-element elementor-element-2c3c5d72 elementor-section-stretched elementor-section-boxed elementor-section-height-default elementor-section-height-default\" data-id=\"2c3c5d72\" data-element_type=\"section\" data-settings=\"{&quot;stretch_section&quot;:&quot;section-stretched&quot;,&quot;background_background&quot;:&quot;classic&quot;}\">\n\t\t\t\t\t\t<div class=\"elementor-container elementor-column-gap-default\">\n\t\t\t\t\t<div class=\"elementor-column elementor-col-100 elementor-top-column elementor-element elementor-element-61a09ccd\" data-id=\"61a09ccd\" data-element_type=\"column\">\n\t\t\t<div class=\"elementor-widget-wrap elementor-element-populated\">\n\t\t\t\t\t\t\t\t<div class=\"elementor-element elementor-element-1711ed22 elementor-widget elementor-widget-page-title\" data-id=\"1711ed22\" data-element_type=\"widget\" data-settings=\"{&quot;align&quot;:&quot;center&quot;}\" data-widget_type=\"page-title.default\">\n\t\t\t\t<div class=\"elementor-widget-container\">\n\t\t\t\t\t\n\t\t<div class=\"hfe-page-title hfe-page-title-wrapper elementor-widget-heading\">\n\n\t\t\t\t\t\t\t\t\t\t\t<a href=\"https:\/\/www.2py.fr\/2py-formation\">\n\t\t\t\t\t\t<h2 class=\"elementor-heading-title elementor-size-default\">\n\t\t\t\t\t\t\t\t\n\t\t\t\tMarch\u00e9s publics  \n\t\t\t<\/h2 > \n\t\t\t\t\t\t\t\t\t<\/a>\n\t\t\t\t\t<\/div>\n\t\t\t\t<\/div>\n\t\t\t\t<\/div>\n\t\t\t\t\t<\/div>\n\t\t<\/div>\n\t\t\t\t\t\t\t<\/div>\n\t\t<\/section>\n\t\t\t\t<section class=\"elementor-section elementor-top-section elementor-element elementor-element-7ee20ce5 elementor-section-boxed elementor-section-height-default elementor-section-height-default\" data-id=\"7ee20ce5\" data-element_type=\"section\">\n\t\t\t\t\t\t<div class=\"elementor-container elementor-column-gap-default\">\n\t\t\t\t\t<div class=\"elementor-column elementor-col-100 elementor-top-column elementor-element elementor-element-2f7f7da9\" data-id=\"2f7f7da9\" data-element_type=\"column\">\n\t\t\t<div class=\"elementor-widget-wrap elementor-element-populated\">\n\t\t\t\t\t\t\t\t<div class=\"elementor-element elementor-element-e07cfc4 elementor-widget elementor-widget-heading\" data-id=\"e07cfc4\" data-element_type=\"widget\" data-widget_type=\"heading.default\">\n\t\t\t\t<div class=\"elementor-widget-container\">\n\t\t\t<h4 class=\"elementor-heading-title elementor-size-default\">Le code des march\u00e9s publics et l'appel d'offres au niveau des municipalit\u00e9s fran\u00e7aises<\/h4>\t\t<\/div>\n\t\t\t\t<\/div>\n\t\t\t\t<div class=\"elementor-element elementor-element-3733ced7 elementor-widget elementor-widget-spacer\" data-id=\"3733ced7\" data-element_type=\"widget\" data-widget_type=\"spacer.default\">\n\t\t\t\t<div class=\"elementor-widget-container\">\n\t\t\t\t\t<div class=\"elementor-spacer\">\n\t\t\t<div class=\"elementor-spacer-inner\"><\/div>\n\t\t<\/div>\n\t\t\t\t<\/div>\n\t\t\t\t<\/div>\n\t\t\t\t\t<\/div>\n\t\t<\/div>\n\t\t\t\t\t\t\t<\/div>\n\t\t<\/section>\n\t\t\t\t<section class=\"elementor-section elementor-top-section elementor-element elementor-element-64057489 elementor-section-stretched elementor-section-boxed elementor-section-height-default elementor-section-height-default\" data-id=\"64057489\" data-element_type=\"section\" data-settings=\"{&quot;stretch_section&quot;:&quot;section-stretched&quot;}\">\n\t\t\t\t\t\t<div class=\"elementor-container elementor-column-gap-default\">\n\t\t\t\t\t<div class=\"elementor-column elementor-col-100 elementor-top-column elementor-element elementor-element-4e78a985\" data-id=\"4e78a985\" data-element_type=\"column\">\n\t\t\t<div class=\"elementor-widget-wrap elementor-element-populated\">\n\t\t\t\t\t\t\t\t<section class=\"elementor-section elementor-inner-section elementor-element elementor-element-b3a71d elementor-section-boxed elementor-section-height-default elementor-section-height-default\" data-id=\"b3a71d\" data-element_type=\"section\">\n\t\t\t\t\t\t<div class=\"elementor-container elementor-column-gap-default\">\n\t\t\t\t\t<div class=\"elementor-column elementor-col-50 elementor-inner-column elementor-element elementor-element-214405da\" data-id=\"214405da\" data-element_type=\"column\">\n\t\t\t<div class=\"elementor-widget-wrap elementor-element-populated\">\n\t\t\t\t\t\t\t\t<div class=\"elementor-element elementor-element-10a0c66f elementor-widget elementor-widget-text-editor\" data-id=\"10a0c66f\" data-element_type=\"widget\" data-widget_type=\"text-editor.default\">\n\t\t\t\t<div class=\"elementor-widget-container\">\n\t\t\t\t\t\t\t<p>Le code des march\u00e9s publics est un ensemble de r\u00e8gles qui r\u00e9gissent les achats de biens et services par les entit\u00e9s publiques, y compris les municipalit\u00e9s fran\u00e7aises. L&#8217;appel d&#8217;offres est l&#8217;une des proc\u00e9dures d&#8217;achat r\u00e9gies par le code des march\u00e9s publics.<\/p>\t\t\t\t\t\t<\/div>\n\t\t\t\t<\/div>\n\t\t\t\t\t<\/div>\n\t\t<\/div>\n\t\t\t\t<div class=\"elementor-column elementor-col-50 elementor-inner-column elementor-element elementor-element-10134b4e\" data-id=\"10134b4e\" data-element_type=\"column\" data-settings=\"{&quot;background_background&quot;:&quot;classic&quot;}\">\n\t\t\t<div class=\"elementor-widget-wrap elementor-element-populated\">\n\t\t\t\t\t\t\t\t<div class=\"elementor-element elementor-element-0b838ec elementor-widget elementor-widget-image\" data-id=\"0b838ec\" data-element_type=\"widget\" data-widget_type=\"image.default\">\n\t\t\t\t<div class=\"elementor-widget-container\">\n\t\t\t\t\t\t\t\t\t\t\t\t\t\t\t<img loading=\"lazy\" decoding=\"async\" width=\"346\" height=\"346\" src=\"https:\/\/www.2py.fr\/2py-formation\/wp-content\/uploads\/2023\/02\/marches_publics-removebg-preview.png\" class=\"attachment-large size-large wp-image-894\" alt=\"Le code des march\u00e9s publics qui r\u00e9gie les appels d&#039;offre\" \/>\t\t\t\t\t\t\t\t\t\t\t\t\t\t\t<\/div>\n\t\t\t\t<\/div>\n\t\t\t\t\t<\/div>\n\t\t<\/div>\n\t\t\t\t\t\t\t<\/div>\n\t\t<\/section>\n\t\t\t\t<section class=\"elementor-section elementor-inner-section elementor-element elementor-element-5bbe1ca9 elementor-section-boxed elementor-section-height-default elementor-section-height-default\" data-id=\"5bbe1ca9\" data-element_type=\"section\">\n\t\t\t\t\t\t<div class=\"elementor-container elementor-column-gap-default\">\n\t\t\t\t\t<div class=\"elementor-column elementor-col-50 elementor-inner-column elementor-element elementor-element-1758cd82\" data-id=\"1758cd82\" data-element_type=\"column\" data-settings=\"{&quot;background_background&quot;:&quot;classic&quot;}\">\n\t\t\t<div class=\"elementor-widget-wrap\">\n\t\t\t\t\t\t\t\t\t<\/div>\n\t\t<\/div>\n\t\t\t\t<div class=\"elementor-column elementor-col-50 elementor-inner-column elementor-element elementor-element-bf1e55f\" data-id=\"bf1e55f\" data-element_type=\"column\">\n\t\t\t<div class=\"elementor-widget-wrap elementor-element-populated\">\n\t\t\t\t\t\t\t\t<div class=\"elementor-element elementor-element-27445af0 elementor-widget elementor-widget-text-editor\" data-id=\"27445af0\" data-element_type=\"widget\" data-widget_type=\"text-editor.default\">\n\t\t\t\t<div class=\"elementor-widget-container\">\n\t\t\t\t\t\t\t<p>En France, les march\u00e9s publics sont soumis \u00e0 une r\u00e9glementation stricte qui vise \u00e0 garantir la transparence et l&#8217;\u00e9galit\u00e9 de traitement entre les diff\u00e9rents candidats. Ainsi, lorsqu&#8217;une municipalit\u00e9 souhaite r\u00e9aliser un achat de biens ou de services d&#8217;une certaine importance, elle doit proc\u00e9der \u00e0 un appel d&#8217;offres.<\/p>\t\t\t\t\t\t<\/div>\n\t\t\t\t<\/div>\n\t\t\t\t\t<\/div>\n\t\t<\/div>\n\t\t\t\t\t\t\t<\/div>\n\t\t<\/section>\n\t\t\t\t<section class=\"elementor-section elementor-inner-section elementor-element elementor-element-5c37d98 elementor-section-boxed elementor-section-height-default elementor-section-height-default\" data-id=\"5c37d98\" data-element_type=\"section\">\n\t\t\t\t\t\t<div class=\"elementor-container elementor-column-gap-default\">\n\t\t\t\t\t<div class=\"elementor-column elementor-col-50 elementor-inner-column elementor-element elementor-element-4806c91\" data-id=\"4806c91\" data-element_type=\"column\">\n\t\t\t<div class=\"elementor-widget-wrap elementor-element-populated\">\n\t\t\t\t\t\t\t\t<div class=\"elementor-element elementor-element-928e948 elementor-widget elementor-widget-text-editor\" data-id=\"928e948\" data-element_type=\"widget\" data-widget_type=\"text-editor.default\">\n\t\t\t\t<div class=\"elementor-widget-container\">\n\t\t\t\t\t\t\t<p>L&#8217;appel d&#8217;offres est une proc\u00e9dure formalis\u00e9e qui consiste \u00e0 demander \u00e0 diff\u00e9rents prestataires de soumettre des offres pour r\u00e9pondre \u00e0 un besoin exprim\u00e9 par la municipalit\u00e9. La municipalit\u00e9 ouvre un ou des march\u00e9s publics. Cette proc\u00e9dure se d\u00e9roule en plusieurs \u00e9tapes.<\/p>\t\t\t\t\t\t<\/div>\n\t\t\t\t<\/div>\n\t\t\t\t\t<\/div>\n\t\t<\/div>\n\t\t\t\t<div class=\"elementor-column elementor-col-50 elementor-inner-column elementor-element elementor-element-9842ed0\" data-id=\"9842ed0\" data-element_type=\"column\" data-settings=\"{&quot;background_background&quot;:&quot;classic&quot;}\">\n\t\t\t<div class=\"elementor-widget-wrap\">\n\t\t\t\t\t\t\t\t\t<\/div>\n\t\t<\/div>\n\t\t\t\t\t\t\t<\/div>\n\t\t<\/section>\n\t\t\t\t<div class=\"elementor-element elementor-element-2ef6f035 elementor-widget elementor-widget-spacer\" data-id=\"2ef6f035\" data-element_type=\"widget\" data-widget_type=\"spacer.default\">\n\t\t\t\t<div class=\"elementor-widget-container\">\n\t\t\t\t\t<div class=\"elementor-spacer\">\n\t\t\t<div class=\"elementor-spacer-inner\"><\/div>\n\t\t<\/div>\n\t\t\t\t<\/div>\n\t\t\t\t<\/div>\n\t\t\t\t<div class=\"elementor-element elementor-element-1d9ddc9 elementor-widget elementor-widget-heading\" data-id=\"1d9ddc9\" data-element_type=\"widget\" data-widget_type=\"heading.default\">\n\t\t\t\t<div class=\"elementor-widget-container\">\n\t\t\t<h4 class=\"elementor-heading-title elementor-size-default\">L'appel d'offres se d\u00e9roule en plusieurs \u00e9tapes, qui sont les suivantes :<\/h4>\t\t<\/div>\n\t\t\t\t<\/div>\n\t\t\t\t<section class=\"elementor-section elementor-inner-section elementor-element elementor-element-955e715 elementor-section-boxed elementor-section-height-default elementor-section-height-default\" data-id=\"955e715\" data-element_type=\"section\" data-settings=\"{&quot;background_background&quot;:&quot;classic&quot;}\">\n\t\t\t\t\t\t<div class=\"elementor-container elementor-column-gap-default\">\n\t\t\t\t\t<div class=\"elementor-column elementor-col-33 elementor-inner-column elementor-element elementor-element-6308aec\" data-id=\"6308aec\" data-element_type=\"column\">\n\t\t\t<div class=\"elementor-widget-wrap elementor-element-populated\">\n\t\t\t\t\t\t\t\t<div class=\"elementor-element elementor-element-21162ff5 elementor-invisible elementor-widget elementor-widget-text-editor\" data-id=\"21162ff5\" data-element_type=\"widget\" data-settings=\"{&quot;_animation&quot;:&quot;fadeInRight&quot;}\" data-widget_type=\"text-editor.default\">\n\t\t\t\t<div class=\"elementor-widget-container\">\n\t\t\t\t\t\t\t<h1>1.<\/h1><h5>La publication d&#8217;un avis de march\u00e9 :<\/h5><p>La municipalit\u00e9 doit publier un avis de march\u00e9 pour informer les prestataires potentiels de son intention de r\u00e9aliser un achat.<\/p>\t\t\t\t\t\t<\/div>\n\t\t\t\t<\/div>\n\t\t\t\t<div class=\"elementor-element elementor-element-663c41f elementor-invisible elementor-widget elementor-widget-text-editor\" data-id=\"663c41f\" data-element_type=\"widget\" data-settings=\"{&quot;_animation&quot;:&quot;fadeInRight&quot;}\" data-widget_type=\"text-editor.default\">\n\t\t\t\t<div class=\"elementor-widget-container\">\n\t\t\t\t\t\t\t<h1>4.<\/h1><h5>La remise des offres :<\/h5><p>Les prestataires s\u00e9lectionn\u00e9s doivent remettre une offre qui r\u00e9pond aux exigences du cahier des charges.<\/p>\t\t\t\t\t\t<\/div>\n\t\t\t\t<\/div>\n\t\t\t\t\t<\/div>\n\t\t<\/div>\n\t\t\t\t<div class=\"elementor-column elementor-col-33 elementor-inner-column elementor-element elementor-element-edc9ec3\" data-id=\"edc9ec3\" data-element_type=\"column\">\n\t\t\t<div class=\"elementor-widget-wrap elementor-element-populated\">\n\t\t\t\t\t\t\t\t<div class=\"elementor-element elementor-element-20a568a6 elementor-invisible elementor-widget elementor-widget-text-editor\" data-id=\"20a568a6\" data-element_type=\"widget\" data-settings=\"{&quot;_animation&quot;:&quot;fadeInRight&quot;}\" data-widget_type=\"text-editor.default\">\n\t\t\t\t<div class=\"elementor-widget-container\">\n\t\t\t\t\t\t\t<h1>2.<\/h1><h5>La s\u00e9lection des candidats :<\/h5><p>La municipalit\u00e9 doit s\u00e9lectionner les candidats en fonction de leur capacit\u00e9 \u00e0 r\u00e9pondre aux exigences du march\u00e9.<\/p>\t\t\t\t\t\t<\/div>\n\t\t\t\t<\/div>\n\t\t\t\t<div class=\"elementor-element elementor-element-557d90e elementor-invisible elementor-widget elementor-widget-text-editor\" data-id=\"557d90e\" data-element_type=\"widget\" data-settings=\"{&quot;_animation&quot;:&quot;fadeInRight&quot;}\" data-widget_type=\"text-editor.default\">\n\t\t\t\t<div class=\"elementor-widget-container\">\n\t\t\t\t\t\t\t<h1>5.<\/h1><h5>L&#8217;analyse des offres :<\/h5><p>La municipalit\u00e9 doit analyser les offres re\u00e7ues pour d\u00e9terminer celle qui r\u00e9pond le mieux aux exigences du march\u00e9.<\/p>\t\t\t\t\t\t<\/div>\n\t\t\t\t<\/div>\n\t\t\t\t\t<\/div>\n\t\t<\/div>\n\t\t\t\t<div class=\"elementor-column elementor-col-33 elementor-inner-column elementor-element elementor-element-5e8050b\" data-id=\"5e8050b\" data-element_type=\"column\">\n\t\t\t<div class=\"elementor-widget-wrap elementor-element-populated\">\n\t\t\t\t\t\t\t\t<div class=\"elementor-element elementor-element-1d5b28cc elementor-invisible elementor-widget elementor-widget-text-editor\" data-id=\"1d5b28cc\" data-element_type=\"widget\" data-settings=\"{&quot;_animation&quot;:&quot;fadeInRight&quot;}\" data-widget_type=\"text-editor.default\">\n\t\t\t\t<div class=\"elementor-widget-container\">\n\t\t\t\t\t\t\t<h1>3.<\/h1><h5>La r\u00e9daction du cahier des charges :<\/h5><p>La municipalit\u00e9 doit r\u00e9diger un cahier des charges pr\u00e9cisant les exigences du march\u00e9.<\/p>\t\t\t\t\t\t<\/div>\n\t\t\t\t<\/div>\n\t\t\t\t<div class=\"elementor-element elementor-element-0fe1753 elementor-invisible elementor-widget elementor-widget-text-editor\" data-id=\"0fe1753\" data-element_type=\"widget\" data-settings=\"{&quot;_animation&quot;:&quot;fadeInRight&quot;}\" data-widget_type=\"text-editor.default\">\n\t\t\t\t<div class=\"elementor-widget-container\">\n\t\t\t\t\t\t\t<h1>6.<\/h1><h5>L&#8217;analyse des offres :<\/h5><p>La municipalit\u00e9 doit analyser les offres re\u00e7ues pour d\u00e9terminer celle qui r\u00e9pond le mieux aux exigences du march\u00e9.<\/p>\t\t\t\t\t\t<\/div>\n\t\t\t\t<\/div>\n\t\t\t\t\t<\/div>\n\t\t<\/div>\n\t\t\t\t\t\t\t<\/div>\n\t\t<\/section>\n\t\t\t\t<section class=\"elementor-section elementor-inner-section elementor-element elementor-element-bea716c elementor-section-boxed elementor-section-height-default elementor-section-height-default\" data-id=\"bea716c\" data-element_type=\"section\">\n\t\t\t\t\t\t<div class=\"elementor-container elementor-column-gap-default\">\n\t\t\t\t\t<div class=\"elementor-column elementor-col-33 elementor-inner-column elementor-element elementor-element-2292e36\" data-id=\"2292e36\" data-element_type=\"column\">\n\t\t\t<div class=\"elementor-widget-wrap\">\n\t\t\t\t\t\t\t\t\t<\/div>\n\t\t<\/div>\n\t\t\t\t<div class=\"elementor-column elementor-col-33 elementor-inner-column elementor-element elementor-element-4771500\" data-id=\"4771500\" data-element_type=\"column\">\n\t\t\t<div class=\"elementor-widget-wrap\">\n\t\t\t\t\t\t\t\t\t<\/div>\n\t\t<\/div>\n\t\t\t\t<div class=\"elementor-column elementor-col-33 elementor-inner-column elementor-element elementor-element-c4ba85a\" data-id=\"c4ba85a\" data-element_type=\"column\">\n\t\t\t<div class=\"elementor-widget-wrap\">\n\t\t\t\t\t\t\t\t\t<\/div>\n\t\t<\/div>\n\t\t\t\t\t\t\t<\/div>\n\t\t<\/section>\n\t\t\t\t<section class=\"elementor-section elementor-inner-section elementor-element elementor-element-2dd6bb0e elementor-section-boxed elementor-section-height-default elementor-section-height-default\" data-id=\"2dd6bb0e\" data-element_type=\"section\">\n\t\t\t\t\t\t<div class=\"elementor-container elementor-column-gap-default\">\n\t\t\t\t\t<div class=\"elementor-column elementor-col-33 elementor-inner-column elementor-element elementor-element-40d1d493\" data-id=\"40d1d493\" data-element_type=\"column\">\n\t\t\t<div class=\"elementor-widget-wrap\">\n\t\t\t\t\t\t\t\t\t<\/div>\n\t\t<\/div>\n\t\t\t\t<div class=\"elementor-column elementor-col-33 elementor-inner-column elementor-element elementor-element-14f1857d\" data-id=\"14f1857d\" data-element_type=\"column\">\n\t\t\t<div class=\"elementor-widget-wrap elementor-element-populated\">\n\t\t\t\t\t\t\t\t<div class=\"elementor-element elementor-element-bf4fc10 elementor-widget elementor-widget-spacer\" data-id=\"bf4fc10\" data-element_type=\"widget\" data-widget_type=\"spacer.default\">\n\t\t\t\t<div class=\"elementor-widget-container\">\n\t\t\t\t\t<div class=\"elementor-spacer\">\n\t\t\t<div class=\"elementor-spacer-inner\"><\/div>\n\t\t<\/div>\n\t\t\t\t<\/div>\n\t\t\t\t<\/div>\n\t\t\t\t<div class=\"elementor-element elementor-element-39064bc elementor-widget elementor-widget-text-editor\" data-id=\"39064bc\" data-element_type=\"widget\" data-widget_type=\"text-editor.default\">\n\t\t\t\t<div class=\"elementor-widget-container\">\n\t\t\t\t\t\t\t<p>Les services fournis vous permettront d\u2019assurer une production r\u00e9guli\u00e8re afin de renforcer votre visibilit\u00e9 sur la toile. En termes de gestion financi\u00e8re, faire appel \u00e0 un prestataire offrant des tarifs attractifs sera une garantie pour une bonne ma\u00eetrise de votre budget.<\/p>\t\t\t\t\t\t<\/div>\n\t\t\t\t<\/div>\n\t\t\t\t<div class=\"elementor-element elementor-element-a2378ca elementor-widget elementor-widget-text-editor\" data-id=\"a2378ca\" data-element_type=\"widget\" data-widget_type=\"text-editor.default\">\n\t\t\t\t<div class=\"elementor-widget-container\">\n\t\t\t\t\t\t\t<p>Pour consulter le code des march\u00e9s publics : <a href=\"https:\/\/www.legifrance.gouv.fr\/codes\/id\/LEGITEXT000005627819\" target=\"_blank\" rel=\"noopener\">https:\/\/www.legifrance.gouv.fr<\/a><\/p>\t\t\t\t\t\t<\/div>\n\t\t\t\t<\/div>\n\t\t\t\t<div class=\"elementor-element elementor-element-c2a4a70 elementor-widget elementor-widget-spacer\" data-id=\"c2a4a70\" data-element_type=\"widget\" data-widget_type=\"spacer.default\">\n\t\t\t\t<div class=\"elementor-widget-container\">\n\t\t\t\t\t<div class=\"elementor-spacer\">\n\t\t\t<div class=\"elementor-spacer-inner\"><\/div>\n\t\t<\/div>\n\t\t\t\t<\/div>\n\t\t\t\t<\/div>\n\t\t\t\t<div class=\"elementor-element elementor-element-7e65133 elementor-widget elementor-widget-text-editor\" data-id=\"7e65133\" data-element_type=\"widget\" data-widget_type=\"text-editor.default\">\n\t\t\t\t<div class=\"elementor-widget-container\">\n\t\t\t\t\t\t\t<p>Pour aller plus loin, une formation nomm\u00e9e &#8220;Respecter le code des march\u00e9s publics&#8221; appartenant au grand th\u00e8me de formation &#8220;March\u00e9s et achats publics&#8221; est disponible pour les \u00e9lus des collectivit\u00e9s territoriales.<\/p>\t\t\t\t\t\t<\/div>\n\t\t\t\t<\/div>\n\t\t\t\t<div class=\"elementor-element elementor-element-994ea13 elementor-align-center elementor-widget elementor-widget-button\" data-id=\"994ea13\" data-element_type=\"widget\" data-widget_type=\"button.default\">\n\t\t\t\t<div class=\"elementor-widget-container\">\n\t\t\t\t\t<div class=\"elementor-button-wrapper\">\n\t\t\t<a href=\"https:\/\/www.2py.fr\/2py-formation\/formation-des-elus\/finances-et-budgets\/marches-et-achats-publics\/\" class=\"elementor-button-link elementor-button elementor-size-md\" role=\"button\">\n\t\t\t\t\t\t<span class=\"elementor-button-content-wrapper\">\n\t\t\t\t\t\t<span class=\"elementor-button-text\">March\u00e9s et achats publics<\/span>\n\t\t<\/span>\n\t\t\t\t\t<\/a>\n\t\t<\/div>\n\t\t\t\t<\/div>\n\t\t\t\t<\/div>\n\t\t\t\t<div class=\"elementor-element elementor-element-6e60ef9 elementor-widget elementor-widget-spacer\" data-id=\"6e60ef9\" data-element_type=\"widget\" data-widget_type=\"spacer.default\">\n\t\t\t\t<div class=\"elementor-widget-container\">\n\t\t\t\t\t<div class=\"elementor-spacer\">\n\t\t\t<div class=\"elementor-spacer-inner\"><\/div>\n\t\t<\/div>\n\t\t\t\t<\/div>\n\t\t\t\t<\/div>\n\t\t\t\t\t<\/div>\n\t\t<\/div>\n\t\t\t\t<div class=\"elementor-column elementor-col-33 elementor-inner-column elementor-element elementor-element-1d301d8\" data-id=\"1d301d8\" data-element_type=\"column\">\n\t\t\t<div class=\"elementor-widget-wrap\">\n\t\t\t\t\t\t\t\t\t<\/div>\n\t\t<\/div>\n\t\t\t\t\t\t\t<\/div>\n\t\t<\/section>\n\t\t\t\t\t<\/div>\n\t\t<\/div>\n\t\t\t\t\t\t\t<\/div>\n\t\t<\/section>\n\t\t\t\t\t\t\t<\/div>\n\t\t","protected":false},"excerpt":{"rendered":"<p>March\u00e9s publics Le code des march\u00e9s publics et l&#8217;appel d&#8217;offres au niveau des municipalit\u00e9s fran\u00e7aises Le code des march\u00e9s publics est un ensemble de r\u00e8gles qui r\u00e9gissent les achats de biens et services par les entit\u00e9s publiques, y compris les municipalit\u00e9s fran\u00e7aises. L&#8217;appel d&#8217;offres est l&#8217;une des proc\u00e9dures d&#8217;achat r\u00e9gies par le code des march\u00e9s [&hellip;]<\/p>\n","protected":false},"author":1,"featured_media":0,"parent":0,"menu_order":0,"comment_status":"closed","ping_status":"closed","template":"elementor_header_footer","meta":{"footnotes":""},"class_list":["post-2566","page","type-page","status-publish","hentry"],"rttpg_featured_image_url":null,"rttpg_author":{"display_name":"AnneSolocal","author_link":"https:\/\/www.2py.fr\/2py-formation\/author\/annesolocal\/"},"rttpg_comment":0,"rttpg_category":null,"rttpg_excerpt":"March\u00e9s publics Le code des march\u00e9s publics et l&#8217;appel d&#8217;offres au niveau des municipalit\u00e9s fran\u00e7aises Le code des march\u00e9s publics est un ensemble de r\u00e8gles qui r\u00e9gissent les achats de biens et services par les entit\u00e9s publiques, y compris les municipalit\u00e9s fran\u00e7aises. L&#8217;appel d&#8217;offres est l&#8217;une des proc\u00e9dures d&#8217;achat r\u00e9gies par le code des march\u00e9s\u2026","_links":{"self":[{"href":"https:\/\/www.2py.fr\/2py-formation\/wp-json\/wp\/v2\/pages\/2566","targetHints":{"allow":["GET"]}}],"collection":[{"href":"https:\/\/www.2py.fr\/2py-formation\/wp-json\/wp\/v2\/pages"}],"about":[{"href":"https:\/\/www.2py.fr\/2py-formation\/wp-json\/wp\/v2\/types\/page"}],"author":[{"embeddable":true,"href":"https:\/\/www.2py.fr\/2py-formation\/wp-json\/wp\/v2\/users\/1"}],"replies":[{"embeddable":true,"href":"https:\/\/www.2py.fr\/2py-formation\/wp-json\/wp\/v2\/comments?post=2566"}],"version-history":[{"count":23,"href":"https:\/\/www.2py.fr\/2py-formation\/wp-json\/wp\/v2\/pages\/2566\/revisions"}],"predecessor-version":[{"id":3719,"href":"https:\/\/www.2py.fr\/2py-formation\/wp-json\/wp\/v2\/pages\/2566\/revisions\/3719"}],"wp:attachment":[{"href":"https:\/\/www.2py.fr\/2py-formation\/wp-json\/wp\/v2\/media?parent=2566"}],"curies":[{"name":"wp","href":"https:\/\/api.w.org\/{rel}","templated":true}]}}