{"id":1872,"date":"2023-02-23T14:44:57","date_gmt":"2023-02-23T13:44:57","guid":{"rendered":"https:\/\/www.2py.fr\/2py-formation\/\/?page_id=1872"},"modified":"2023-02-23T14:56:15","modified_gmt":"2023-02-23T13:56:15","slug":"quiz-ressources-humaines","status":"publish","type":"page","link":"https:\/\/www.2py.fr\/2py-formation\/formation-des-elus\/communication-elus\/gestion-conseil-municipal\/quiz-ressources-humaines\/","title":{"rendered":"Quiz : Ressources Humaines"},"content":{"rendered":"\t\t<div data-elementor-type=\"wp-page\" data-elementor-id=\"1872\" class=\"elementor elementor-1872\">\n\t\t\t\t\t\t\t\t\t<section class=\"elementor-section elementor-top-section elementor-element elementor-element-4523b42f elementor-section-stretched elementor-section-boxed elementor-section-height-default elementor-section-height-default\" data-id=\"4523b42f\" data-element_type=\"section\" data-settings=\"{&quot;stretch_section&quot;:&quot;section-stretched&quot;,&quot;background_background&quot;:&quot;classic&quot;}\">\n\t\t\t\t\t\t<div class=\"elementor-container elementor-column-gap-default\">\n\t\t\t\t\t<div class=\"elementor-column elementor-col-100 elementor-top-column elementor-element elementor-element-2bcd91e0\" data-id=\"2bcd91e0\" data-element_type=\"column\">\n\t\t\t<div class=\"elementor-widget-wrap elementor-element-populated\">\n\t\t\t\t\t\t\t\t<div class=\"elementor-element elementor-element-7b94c0d6 elementor-widget elementor-widget-page-title\" data-id=\"7b94c0d6\" data-element_type=\"widget\" data-settings=\"{&quot;align&quot;:&quot;center&quot;}\" data-widget_type=\"page-title.default\">\n\t\t\t\t<div class=\"elementor-widget-container\">\n\t\t\t\t\t\n\t\t<div class=\"hfe-page-title hfe-page-title-wrapper elementor-widget-heading\">\n\n\t\t\t\t\t\t\t\t\t\t\t<a href=\"https:\/\/www.2py.fr\/2py-formation\">\n\t\t\t\t\t\t<h2 class=\"elementor-heading-title elementor-size-default\">\n\t\t\t\t\t\t\t\t\n\t\t\t\tQuiz : Ressources Humaines  \n\t\t\t<\/h2 > \n\t\t\t\t\t\t\t\t\t<\/a>\n\t\t\t\t\t<\/div>\n\t\t\t\t<\/div>\n\t\t\t\t<\/div>\n\t\t\t\t\t<\/div>\n\t\t<\/div>\n\t\t\t\t\t\t\t<\/div>\n\t\t<\/section>\n\t\t\t\t<section class=\"elementor-section elementor-top-section elementor-element elementor-element-e02b541 elementor-section-boxed elementor-section-height-default elementor-section-height-default\" data-id=\"e02b541\" data-element_type=\"section\">\n\t\t\t\t\t\t<div class=\"elementor-container elementor-column-gap-default\">\n\t\t\t\t\t<div class=\"elementor-column elementor-col-100 elementor-top-column elementor-element elementor-element-1b78ea3\" data-id=\"1b78ea3\" data-element_type=\"column\">\n\t\t\t<div class=\"elementor-widget-wrap elementor-element-populated\">\n\t\t\t\t\t\t\t\t<div class=\"elementor-element elementor-element-3bd68af elementor-widget elementor-widget-spacer\" data-id=\"3bd68af\" data-element_type=\"widget\" data-widget_type=\"spacer.default\">\n\t\t\t\t<div class=\"elementor-widget-container\">\n\t\t\t\t\t<div class=\"elementor-spacer\">\n\t\t\t<div class=\"elementor-spacer-inner\"><\/div>\n\t\t<\/div>\n\t\t\t\t<\/div>\n\t\t\t\t<\/div>\n\t\t\t\t<div class=\"elementor-element elementor-element-781c2ee elementor-widget elementor-widget-text-editor\" data-id=\"781c2ee\" data-element_type=\"widget\" data-widget_type=\"text-editor.default\">\n\t\t\t\t<div class=\"elementor-widget-container\">\n\t\t\t\t\t\t\t<p>Pour chacun des 12 comportements humains en environnement professionnel qui suivent, nous formulons 2 niveaux d\u2019engagement.<\/p><p>Trouvez celui qui rel\u00e8ve d\u2019un comportement en situation strat\u00e9gique (l\u2019autre \u00e9tant d\u2019un usage tactique usuelle).<\/p>\t\t\t\t\t\t<\/div>\n\t\t\t\t<\/div>\n\t\t\t\t<div class=\"elementor-element elementor-element-b95cd63 elementor-widget elementor-widget-shortcode\" data-id=\"b95cd63\" data-element_type=\"widget\" data-widget_type=\"shortcode.default\">\n\t\t\t\t<div class=\"elementor-widget-container\">\n\t\t\t\t\t<div class=\"elementor-shortcode\"><div class = \"hdq_quiz_wrapper\"><a href = \"https:\/\/www.2py.fr\/2py-formation\/formation-des-elus\/communication-elus\/gestion-conseil-municipal\/quiz-ressources-humaines\/\" rel=\"noamphtml\" class = \"hdq_quiz_start hdq_button button\" role = \"button\" title = \"QUIZ START\">QUIZ START<\/a><\/div><\/div>\n\t\t\t\t<\/div>\n\t\t\t\t<\/div>\n\t\t\t\t<div class=\"elementor-element elementor-element-1e22d9d elementor-widget elementor-widget-spacer\" data-id=\"1e22d9d\" data-element_type=\"widget\" data-widget_type=\"spacer.default\">\n\t\t\t\t<div class=\"elementor-widget-container\">\n\t\t\t\t\t<div class=\"elementor-spacer\">\n\t\t\t<div class=\"elementor-spacer-inner\"><\/div>\n\t\t<\/div>\n\t\t\t\t<\/div>\n\t\t\t\t<\/div>\n\t\t\t\t\t<\/div>\n\t\t<\/div>\n\t\t\t\t\t\t\t<\/div>\n\t\t<\/section>\n\t\t\t\t<section class=\"elementor-section elementor-top-section elementor-element elementor-element-1a53885a elementor-section-content-middle elementor-section-stretched elementor-section-boxed elementor-section-height-default elementor-section-height-default\" data-id=\"1a53885a\" data-element_type=\"section\" data-settings=\"{&quot;stretch_section&quot;:&quot;section-stretched&quot;,&quot;background_background&quot;:&quot;classic&quot;,&quot;shape_divider_top&quot;:&quot;triangle&quot;,&quot;shape_divider_bottom&quot;:&quot;triangle&quot;,&quot;shape_divider_bottom_negative&quot;:&quot;yes&quot;}\">\n\t\t\t\t\t<div class=\"elementor-shape elementor-shape-top\" data-negative=\"false\">\n\t\t\t<svg xmlns=\"http:\/\/www.w3.org\/2000\/svg\" viewBox=\"0 0 1000 100\" preserveAspectRatio=\"none\">\n\t<path class=\"elementor-shape-fill\" d=\"M500,98.9L0,6.1V0h1000v6.1L500,98.9z\"\/>\n<\/svg>\t\t<\/div>\n\t\t\t\t<div class=\"elementor-shape elementor-shape-bottom\" data-negative=\"true\">\n\t\t\t<svg xmlns=\"http:\/\/www.w3.org\/2000\/svg\" viewBox=\"0 0 1000 100\" preserveAspectRatio=\"none\">\n\t<path class=\"elementor-shape-fill\" d=\"M500.2,94.7L0,0v100h1000V0L500.2,94.7z\"\/>\n<\/svg>\t\t<\/div>\n\t\t\t\t\t<div class=\"elementor-container elementor-column-gap-default\">\n\t\t\t\t\t<div class=\"elementor-column elementor-col-50 elementor-top-column elementor-element elementor-element-1d3a3a7b elementor-invisible\" data-id=\"1d3a3a7b\" data-element_type=\"column\" data-settings=\"{&quot;animation&quot;:&quot;fadeInLeft&quot;}\">\n\t\t\t<div class=\"elementor-widget-wrap elementor-element-populated\">\n\t\t\t\t\t\t\t\t<div class=\"elementor-element elementor-element-6a2a490b elementor-widget elementor-widget-text-editor\" data-id=\"6a2a490b\" data-element_type=\"widget\" data-widget_type=\"text-editor.default\">\n\t\t\t\t<div class=\"elementor-widget-container\">\n\t\t\t\t\t\t\t<ul><li>Comment communiquer avec tous ?\u00a0<\/li><\/ul><p>\u00a0<\/p><ul><li>Comment faciliter le d\u00e9bat ?<\/li><\/ul><p>\u00a0<\/p><ul><li>\u00a0Comment se faire entendre ?<\/li><\/ul><p>\u00a0<\/p><ul><li>Quels sont les outils \u00e0 la disposition des \u00e9lus ?<\/li><\/ul><p>\u00a0<\/p><ul><li>Qu\u2019est-il possible de mettre en place pour instaurer un dialogue constructif ?<\/li><\/ul>\t\t\t\t\t\t<\/div>\n\t\t\t\t<\/div>\n\t\t\t\t<div class=\"elementor-element elementor-element-7ca9de61 elementor-align-center elementor-widget elementor-widget-button\" data-id=\"7ca9de61\" data-element_type=\"widget\" data-widget_type=\"button.default\">\n\t\t\t\t<div class=\"elementor-widget-container\">\n\t\t\t\t\t<div class=\"elementor-button-wrapper\">\n\t\t\t<a href=\"#\" class=\"elementor-button-link elementor-button elementor-size-sm\" role=\"button\">\n\t\t\t\t\t\t<span class=\"elementor-button-content-wrapper\">\n\t\t\t\t\t\t<span class=\"elementor-button-text\">Nos Formation en Communication<\/span>\n\t\t<\/span>\n\t\t\t\t\t<\/a>\n\t\t<\/div>\n\t\t\t\t<\/div>\n\t\t\t\t<\/div>\n\t\t\t\t\t<\/div>\n\t\t<\/div>\n\t\t\t\t<div class=\"elementor-column elementor-col-50 elementor-top-column elementor-element elementor-element-25a91b35\" data-id=\"25a91b35\" data-element_type=\"column\">\n\t\t\t<div class=\"elementor-widget-wrap elementor-element-populated\">\n\t\t\t\t\t\t\t\t<div class=\"elementor-element elementor-element-6068a397 elementor-widget elementor-widget-heading\" data-id=\"6068a397\" data-element_type=\"widget\" data-widget_type=\"heading.default\">\n\t\t\t\t<div class=\"elementor-widget-container\">\n\t\t\t<h4 class=\"elementor-heading-title elementor-size-default\">La communication est une pratique \u00e0 ma\u00eetriser au cours du mandat.<\/h4>\t\t<\/div>\n\t\t\t\t<\/div>\n\t\t\t\t<div class=\"elementor-element elementor-element-a292766 elementor-widget elementor-widget-image\" data-id=\"a292766\" data-element_type=\"widget\" data-widget_type=\"image.default\">\n\t\t\t\t<div class=\"elementor-widget-container\">\n\t\t\t\t\t\t\t\t\t\t\t\t\t\t\t<img loading=\"lazy\" decoding=\"async\" width=\"300\" height=\"275\" src=\"https:\/\/www.2py.fr\/2py-formation\/wp-content\/uploads\/2022\/12\/speech-bubbles-g460ab6142_1280-300x275.png\" class=\"attachment-medium size-medium wp-image-217\" alt=\"communication interne du conseil municipal, communication locale, gestion d&#039;un conseil municipal;\" \/>\t\t\t\t\t\t\t\t\t\t\t\t\t\t\t<\/div>\n\t\t\t\t<\/div>\n\t\t\t\t<div class=\"elementor-element elementor-element-3918e93c elementor-widget elementor-widget-text-editor\" data-id=\"3918e93c\" data-element_type=\"widget\" data-widget_type=\"text-editor.default\">\n\t\t\t\t<div class=\"elementor-widget-container\">\n\t\t\t\t\t\t\t<p>L\u2019\u00e9lu doit savoir s\u2019adresser autant aux administr\u00e9s qu\u2019aux institutions avec lesquelles il interf\u00e8re. Communiquer est une action politique \u00e0 ne pas n\u00e9gliger. Une communication efficace donne du relief aux projets des \u00e9lus. Elle reste une pr\u00e9rogative du maire et des adjoints.<\/p><p>Il est important de construire une communication coh\u00e9rente entre \u00e9lus d\u2019une m\u00eame commune. Il faut travailler l\u2019harmonie du message et trouver sa place dans le groupe tout en gardant sa personnalit\u00e9.<\/p>\t\t\t\t\t\t<\/div>\n\t\t\t\t<\/div>\n\t\t\t\t\t<\/div>\n\t\t<\/div>\n\t\t\t\t\t\t\t<\/div>\n\t\t<\/section>\n\t\t\t\t<section class=\"elementor-section elementor-top-section elementor-element elementor-element-1ed9ee9 elementor-section-boxed elementor-section-height-default elementor-section-height-default\" data-id=\"1ed9ee9\" data-element_type=\"section\">\n\t\t\t\t\t\t<div class=\"elementor-container elementor-column-gap-default\">\n\t\t\t\t\t<div class=\"elementor-column elementor-col-100 elementor-top-column elementor-element elementor-element-44ce30d\" data-id=\"44ce30d\" data-element_type=\"column\">\n\t\t\t<div class=\"elementor-widget-wrap elementor-element-populated\">\n\t\t\t\t\t\t\t\t<div class=\"elementor-element elementor-element-f4a4555 elementor-widget elementor-widget-spacer\" data-id=\"f4a4555\" data-element_type=\"widget\" data-widget_type=\"spacer.default\">\n\t\t\t\t<div class=\"elementor-widget-container\">\n\t\t\t\t\t<div class=\"elementor-spacer\">\n\t\t\t<div class=\"elementor-spacer-inner\"><\/div>\n\t\t<\/div>\n\t\t\t\t<\/div>\n\t\t\t\t<\/div>\n\t\t\t\t\t<\/div>\n\t\t<\/div>\n\t\t\t\t\t\t\t<\/div>\n\t\t<\/section>\n\t\t\t\t<section class=\"elementor-section elementor-inner-section elementor-element elementor-element-39f2b191 elementor-section-boxed elementor-section-height-default elementor-section-height-default elementor-invisible\" data-id=\"39f2b191\" data-element_type=\"section\" data-settings=\"{&quot;background_background&quot;:&quot;classic&quot;,&quot;animation&quot;:&quot;zoomIn&quot;}\">\n\t\t\t\t\t\t<div class=\"elementor-container elementor-column-gap-default\">\n\t\t\t\t\t<div class=\"elementor-column elementor-col-100 elementor-inner-column elementor-element elementor-element-298d612f\" data-id=\"298d612f\" data-element_type=\"column\">\n\t\t\t<div class=\"elementor-widget-wrap elementor-element-populated\">\n\t\t\t\t\t\t\t\t<div class=\"elementor-element elementor-element-1dbe3d62 elementor-widget elementor-widget-heading\" data-id=\"1dbe3d62\" data-element_type=\"widget\" data-widget_type=\"heading.default\">\n\t\t\t\t<div class=\"elementor-widget-container\">\n\t\t\t<h3 class=\"elementor-heading-title elementor-size-default\">Pour en savoir +<\/h3>\t\t<\/div>\n\t\t\t\t<\/div>\n\t\t\t\t<div class=\"elementor-element elementor-element-465cdbe8 elementor-align-center elementor-widget elementor-widget-button\" data-id=\"465cdbe8\" data-element_type=\"widget\" data-widget_type=\"button.default\">\n\t\t\t\t<div class=\"elementor-widget-container\">\n\t\t\t\t\t<div class=\"elementor-button-wrapper\">\n\t\t\t<a href=\"#\" class=\"elementor-button-link elementor-button elementor-size-sm\" role=\"button\">\n\t\t\t\t\t\t<span class=\"elementor-button-content-wrapper\">\n\t\t\t\t\t\t<span class=\"elementor-button-text\">Contactez nous<\/span>\n\t\t<\/span>\n\t\t\t\t\t<\/a>\n\t\t<\/div>\n\t\t\t\t<\/div>\n\t\t\t\t<\/div>\n\t\t\t\t\t<\/div>\n\t\t<\/div>\n\t\t\t\t\t\t\t<\/div>\n\t\t<\/section>\n\t\t\t\t<section class=\"elementor-section elementor-top-section elementor-element elementor-element-94889a9 elementor-section-boxed elementor-section-height-default elementor-section-height-default\" data-id=\"94889a9\" data-element_type=\"section\">\n\t\t\t\t\t\t<div class=\"elementor-container elementor-column-gap-default\">\n\t\t\t\t\t<div class=\"elementor-column elementor-col-100 elementor-top-column elementor-element elementor-element-65ebe62\" data-id=\"65ebe62\" data-element_type=\"column\">\n\t\t\t<div class=\"elementor-widget-wrap elementor-element-populated\">\n\t\t\t\t\t\t\t\t<div class=\"elementor-element elementor-element-baba469 elementor-widget elementor-widget-spacer\" data-id=\"baba469\" data-element_type=\"widget\" data-widget_type=\"spacer.default\">\n\t\t\t\t<div class=\"elementor-widget-container\">\n\t\t\t\t\t<div class=\"elementor-spacer\">\n\t\t\t<div class=\"elementor-spacer-inner\"><\/div>\n\t\t<\/div>\n\t\t\t\t<\/div>\n\t\t\t\t<\/div>\n\t\t\t\t\t<\/div>\n\t\t<\/div>\n\t\t\t\t\t\t\t<\/div>\n\t\t<\/section>\n\t\t\t\t\t\t\t<\/div>\n\t\t","protected":false},"excerpt":{"rendered":"<p>Quiz : Ressources Humaines Pour chacun des 12 comportements humains en environnement professionnel qui suivent, nous formulons 2 niveaux d\u2019engagement. Trouvez celui qui rel\u00e8ve d\u2019un comportement en situation strat\u00e9gique (l\u2019autre \u00e9tant d\u2019un usage tactique usuelle). Comment communiquer avec tous ?\u00a0 \u00a0 Comment faciliter le d\u00e9bat ? \u00a0 \u00a0Comment se faire entendre ? \u00a0 Quels sont [&hellip;]<\/p>\n","protected":false},"author":1,"featured_media":0,"parent":164,"menu_order":0,"comment_status":"closed","ping_status":"closed","template":"elementor_header_footer","meta":{"footnotes":""},"class_list":["post-1872","page","type-page","status-publish","hentry"],"rttpg_featured_image_url":null,"rttpg_author":{"display_name":"AnneSolocal","author_link":"https:\/\/www.2py.fr\/2py-formation\/author\/annesolocal\/"},"rttpg_comment":0,"rttpg_category":null,"rttpg_excerpt":"Quiz : Ressources Humaines Pour chacun des 12 comportements humains en environnement professionnel qui suivent, nous formulons 2 niveaux d\u2019engagement. Trouvez celui qui rel\u00e8ve d\u2019un comportement en situation strat\u00e9gique (l\u2019autre \u00e9tant d\u2019un usage tactique usuelle). Comment communiquer avec tous ?\u00a0 \u00a0 Comment faciliter le d\u00e9bat ? \u00a0 \u00a0Comment se faire entendre ? \u00a0 Quels sont\u2026","_links":{"self":[{"href":"https:\/\/www.2py.fr\/2py-formation\/wp-json\/wp\/v2\/pages\/1872","targetHints":{"allow":["GET"]}}],"collection":[{"href":"https:\/\/www.2py.fr\/2py-formation\/wp-json\/wp\/v2\/pages"}],"about":[{"href":"https:\/\/www.2py.fr\/2py-formation\/wp-json\/wp\/v2\/types\/page"}],"author":[{"embeddable":true,"href":"https:\/\/www.2py.fr\/2py-formation\/wp-json\/wp\/v2\/users\/1"}],"replies":[{"embeddable":true,"href":"https:\/\/www.2py.fr\/2py-formation\/wp-json\/wp\/v2\/comments?post=1872"}],"version-history":[{"count":10,"href":"https:\/\/www.2py.fr\/2py-formation\/wp-json\/wp\/v2\/pages\/1872\/revisions"}],"predecessor-version":[{"id":1885,"href":"https:\/\/www.2py.fr\/2py-formation\/wp-json\/wp\/v2\/pages\/1872\/revisions\/1885"}],"up":[{"embeddable":true,"href":"https:\/\/www.2py.fr\/2py-formation\/wp-json\/wp\/v2\/pages\/164"}],"wp:attachment":[{"href":"https:\/\/www.2py.fr\/2py-formation\/wp-json\/wp\/v2\/media?parent=1872"}],"curies":[{"name":"wp","href":"https:\/\/api.w.org\/{rel}","templated":true}]}}